{"id":9610,"date":"2022-11-24T22:40:11","date_gmt":"2022-11-24T22:40:11","guid":{"rendered":"https:\/\/fecovi.coop\/web\/?page_id=9610"},"modified":"2023-02-15T22:43:20","modified_gmt":"2023-02-15T22:43:20","slug":"comision-de-genero","status":"publish","type":"page","link":"https:\/\/fecovi.coop\/web\/comision-de-genero\/","title":{"rendered":"Comisi\u00f3n de G\u00e9nero"},"content":{"rendered":"<div class=\"wp-block-image\">\n<figure class=\"aligncenter size-full\"><img loading=\"lazy\" decoding=\"async\" width=\"296\" height=\"307\" src=\"https:\/\/fecovi.coop\/web\/wp-content\/uploads\/2022\/11\/dia-mujer-1.gif\" alt=\"\" class=\"wp-image-9623\"\/><\/figure>\n<\/div>\n\n\n<p class=\"has-text-align-right\">Montevideo, 25 de noviembre de 2022<\/p>\n\n\n\n<h2 class=\"has-text-align-center wp-block-heading\">DECLARACI\u00d3N<\/h2>\n\n\n\n<h3 class=\"has-text-align-center wp-block-heading\"><strong>DIA INTERNACIONAL PARA LA ELIMINACI\u00d3N DE LA VIOLENCIA HACIA LAS MUJERES Y NI\u00d1AS<\/strong><\/h3>\n\n\n\n<p>Al conmemorarse hoy otro <strong>25N<\/strong> en memoria de Minerva, Patria y Mar\u00eda Teresa Mirabal -las tres hermanas dominicanas que fueron asesinadas en 1960 por orden del dictador Rafael Trujillo- reafirmamos el compromiso desde el <strong>Movimiento Cooperativo de Vivienda de Usuarios por Ahorro Previo<\/strong> a seguir trabajando en el fortalecimiento de la toma de conciencia y la deconstrucci\u00f3n cultural de las relaciones entre varones y mujeres.<\/p>\n\n\n\n<p>Para vincularnos desde la <strong>equidad<\/strong> y la <strong>solidaridad<\/strong> valores esenciales y fundamentales de nuestro movimiento, a partir de los cuales deseamos generar espacios de participaci\u00f3n social y pol\u00edtica con<strong> igualdad<\/strong> de <strong>oportunidades<\/strong> y <strong>derechos.<\/strong><\/p>\n\n\n\n<p>El cooperativismo asume ese compromiso e insta a todos los socios y socias de la Federaci\u00f3n a seguir trabajando en la <strong>sensibilizaci\u00f3n<\/strong> y encontrar consensos en esta direcci\u00f3n para construir organizaciones <strong>cooperativas libres de violencia, acoso y discriminaci\u00f3n.<\/strong><\/p>\n\n\n\n<p>Por la <strong>erradicaci\u00f3n de la violencia<\/strong> de genero y la construcci\u00f3n de <strong>espacios equitativos<\/strong> en nuestras cooperativas.<\/p>\n\n\n\n<p class=\"has-text-align-center\"><br><strong>COMISI\u00d3N DE G\u00c9NERO<br>CEFIC \u2013 FECOVI<\/strong><\/p>\n\n\n\n<hr class=\"wp-block-separator has-alpha-channel-opacity\"\/>\n\n\n\n<p class=\"has-text-align-center\"><strong>DESCARGAR PDF<\/strong><\/p>\n\n\n\n<p class=\"has-text-align-center\"><a href=\"https:\/\/fecovi.coop\/web\/wp-content\/uploads\/2021\/06\/Protocolo-ante-Situaciones-de-violencia-en-coopes.pdf\" target=\"_blank\" rel=\"noreferrer noopener\">Protocolo ante situaciones de violencia en cooperativas<\/a><\/p>\n\n\n\n<hr class=\"wp-block-separator has-alpha-channel-opacity\"\/>\n\n\n\n<h3 class=\"has-text-align-center wp-block-heading\"><strong>25N: cooperativistas de FECOVI marcharon por la eliminaci\u00f3n de la violencia hacia las mujeres y ni\u00f1as<\/strong><\/h3>\n\n\n\n[Best_Wordpress_Gallery id=\u00bb41&#8243; gal_title=\u00bbgenero\u00bb]\n","protected":false},"excerpt":{"rendered":"<p>Montevideo, 25 de noviembre de 2022 DECLARACI\u00d3N DIA INTERNACIONAL PARA LA ELIMINACI\u00d3N DE LA VIOLENCIA HACIA LAS MUJERES Y NI\u00d1AS Al conmemorarse hoy otro 25N en memoria de Minerva, Patria &#8230;<\/p>\n","protected":false},"author":1,"featured_media":0,"parent":0,"menu_order":0,"comment_status":"closed","ping_status":"closed","template":"","meta":{"footnotes":""},"class_list":["post-9610","page","type-page","status-publish","hentry"],"_links":{"self":[{"href":"https:\/\/fecovi.coop\/web\/wp-json\/wp\/v2\/pages\/9610","targetHints":{"allow":["GET"]}}],"collection":[{"href":"https:\/\/fecovi.coop\/web\/wp-json\/wp\/v2\/pages"}],"about":[{"href":"https:\/\/fecovi.coop\/web\/wp-json\/wp\/v2\/types\/page"}],"author":[{"embeddable":true,"href":"https:\/\/fecovi.coop\/web\/wp-json\/wp\/v2\/users\/1"}],"replies":[{"embeddable":true,"href":"https:\/\/fecovi.coop\/web\/wp-json\/wp\/v2\/comments?post=9610"}],"version-history":[{"count":9,"href":"https:\/\/fecovi.coop\/web\/wp-json\/wp\/v2\/pages\/9610\/revisions"}],"predecessor-version":[{"id":9902,"href":"https:\/\/fecovi.coop\/web\/wp-json\/wp\/v2\/pages\/9610\/revisions\/9902"}],"wp:attachment":[{"href":"https:\/\/fecovi.coop\/web\/wp-json\/wp\/v2\/media?parent=9610"}],"curies":[{"name":"wp","href":"https:\/\/api.w.org\/{rel}","templated":true}]}}