{"id":9594,"date":"2022-11-24T22:35:05","date_gmt":"2022-11-24T22:35:05","guid":{"rendered":"https:\/\/fecovi.coop\/web\/?page_id=9594"},"modified":"2026-04-17T18:50:10","modified_gmt":"2026-04-17T18:50:10","slug":"asesoramiento-contable","status":"publish","type":"page","link":"https:\/\/fecovi.coop\/web\/asesoramiento-contable\/","title":{"rendered":"Administraci\u00f3n de Cooperativas"},"content":{"rendered":"\t\t<div data-elementor-type=\"wp-page\" data-elementor-id=\"9594\" class=\"elementor elementor-9594\" data-elementor-settings=\"[]\">\n\t\t\t\t\t\t<div class=\"elementor-inner\">\n\t\t\t\t\t\t\t<div class=\"elementor-section-wrap\">\n\t\t\t\t\t\t\t<section class=\"elementor-section elementor-top-section elementor-element elementor-element-5c38abdc elementor-section-boxed elementor-section-height-default elementor-section-height-default\" data-id=\"5c38abdc\" data-element_type=\"section\">\n\t\t\t\t\t\t<div class=\"elementor-container elementor-column-gap-default\">\n\t\t\t\t\t\t\t<div class=\"elementor-row\">\n\t\t\t\t\t<div class=\"elementor-column elementor-col-100 elementor-top-column elementor-element elementor-element-75c8e1c8\" data-id=\"75c8e1c8\" data-element_type=\"column\">\n\t\t\t<div class=\"elementor-column-wrap elementor-element-populated\">\n\t\t\t\t\t\t\t<div class=\"elementor-widget-wrap\">\n\t\t\t\t\t\t<div class=\"elementor-element elementor-element-731925e elementor-widget elementor-widget-text-editor\" data-id=\"731925e\" data-element_type=\"widget\" data-widget_type=\"text-editor.default\">\n\t\t\t\t<div class=\"elementor-widget-container\">\n\t\t\t\t\t<div class=\"elementor-text-editor elementor-clearfix\"><!-- wp:paragraph -->\n<p>\u00a0<\/p>\n<!-- \/wp:paragraph --><!-- wp:list -->\n<ul><!-- wp:list-item -->\n<li>El servicio de asesor\u00eda contable comprende la orientaci\u00f3n a las cooperativas sobre capital social, c\u00e1lculo de las diferencias con la cuota social, partidas de banco, caja, c\u00e1lculos impositivos y an\u00e1lisis de IRPF. Estos servicios se brindan\u00a0<strong>sin costo.<\/strong><\/li>\n<!-- \/wp:list-item --><!-- wp:list-item -->\n<li><strong>Declaraci\u00f3n y c\u00e1lculo de la Prestaci\u00f3n Coactiva (sin costo):<\/strong><br \/><strong>Servicio contable:<\/strong>\u00a0gastos comunes y liquidaci\u00f3n de sueldos, n\u00f3mina, c\u00e1lculo de IRPF y realizaci\u00f3n de balances <strong>(con costo).<\/strong><\/li>\n<!-- \/wp:list-item --><\/ul>\n<!-- \/wp:list --><\/div>\n\t\t\t\t<\/div>\n\t\t\t\t<\/div>\n\t\t\t\t\t\t<\/div>\n\t\t\t\t\t<\/div>\n\t\t<\/div>\n\t\t\t\t\t\t\t\t<\/div>\n\t\t\t\t\t<\/div>\n\t\t<\/section>\n\t\t\t\t\t\t<\/div>\n\t\t\t\t\t\t<\/div>\n\t\t\t\t\t<\/div>\n\t\t","protected":false},"excerpt":{"rendered":"<p>\u00a0<\/p>\n","protected":false},"author":1,"featured_media":0,"parent":0,"menu_order":0,"comment_status":"closed","ping_status":"closed","template":"","meta":{"footnotes":""},"class_list":["post-9594","page","type-page","status-publish","hentry"],"_links":{"self":[{"href":"https:\/\/fecovi.coop\/web\/wp-json\/wp\/v2\/pages\/9594","targetHints":{"allow":["GET"]}}],"collection":[{"href":"https:\/\/fecovi.coop\/web\/wp-json\/wp\/v2\/pages"}],"about":[{"href":"https:\/\/fecovi.coop\/web\/wp-json\/wp\/v2\/types\/page"}],"author":[{"embeddable":true,"href":"https:\/\/fecovi.coop\/web\/wp-json\/wp\/v2\/users\/1"}],"replies":[{"embeddable":true,"href":"https:\/\/fecovi.coop\/web\/wp-json\/wp\/v2\/comments?post=9594"}],"version-history":[{"count":12,"href":"https:\/\/fecovi.coop\/web\/wp-json\/wp\/v2\/pages\/9594\/revisions"}],"predecessor-version":[{"id":19347,"href":"https:\/\/fecovi.coop\/web\/wp-json\/wp\/v2\/pages\/9594\/revisions\/19347"}],"wp:attachment":[{"href":"https:\/\/fecovi.coop\/web\/wp-json\/wp\/v2\/media?parent=9594"}],"curies":[{"name":"wp","href":"https:\/\/api.w.org\/{rel}","templated":true}]}}