{"id":731,"date":"2017-01-20T19:08:25","date_gmt":"2017-01-20T19:08:25","guid":{"rendered":"http:\/\/www.fecovi.coop\/web\/?page_id=731"},"modified":"2026-04-17T18:48:52","modified_gmt":"2026-04-17T18:48:52","slug":"asesoramiento-en-el-area-social","status":"publish","type":"page","link":"https:\/\/fecovi.coop\/web\/asesoramiento-en-el-area-social\/","title":{"rendered":"Servicio Social"},"content":{"rendered":"\t\t<div data-elementor-type=\"wp-page\" data-elementor-id=\"731\" class=\"elementor elementor-731\" data-elementor-settings=\"[]\">\n\t\t\t\t\t\t<div class=\"elementor-inner\">\n\t\t\t\t\t\t\t<div class=\"elementor-section-wrap\">\n\t\t\t\t\t\t\t<section class=\"elementor-section elementor-top-section elementor-element elementor-element-6a022d42 elementor-section-boxed elementor-section-height-default elementor-section-height-default elementor-invisible\" data-id=\"6a022d42\" data-element_type=\"section\" data-settings=\"{&quot;background_background&quot;:&quot;classic&quot;,&quot;animation&quot;:&quot;zoomIn&quot;}\">\n\t\t\t\t\t\t<div class=\"elementor-container elementor-column-gap-default\">\n\t\t\t\t\t\t\t<div class=\"elementor-row\">\n\t\t\t\t\t<div class=\"elementor-column elementor-col-100 elementor-top-column elementor-element elementor-element-3d177ca\" data-id=\"3d177ca\" data-element_type=\"column\">\n\t\t\t<div class=\"elementor-column-wrap elementor-element-populated\">\n\t\t\t\t\t\t\t<div class=\"elementor-widget-wrap\">\n\t\t\t\t\t\t<div class=\"elementor-element elementor-element-d455d8a elementor-widget elementor-widget-text-editor\" data-id=\"d455d8a\" data-element_type=\"widget\" data-widget_type=\"text-editor.default\">\n\t\t\t\t<div class=\"elementor-widget-container\">\n\t\t\t\t\t<div class=\"elementor-text-editor elementor-clearfix\"><ul><li>Promoci\u00f3n de nuevos grupos cooperativos. Charlas y talleres para grupos pre-cooperativos.<\/li><li>Asesoramiento y acompa\u00f1amiento al grupo cooperativo en su formaci\u00f3n como cooperativa de vivienda por ahorro previo.<\/li><li>Asesoramiento social a cooperativas en formaci\u00f3n y a cooperativas habitadas. Reuniones, coordinaciones e intervenciones en situaciones que atraviese la cooperativa y demanden acompa\u00f1amiento del \u00c1rea Social. Personas mayores, discapacidad, violencia, salud mental, situaciones de consumo, convivencia, mediaci\u00f3n de conflicto, y otros.<\/li><li>Promoci\u00f3n de una perspectiva de g\u00e9nero y generaciones en el asesoramiento social a cooperativas y a la interna de la Federaci\u00f3n. Recepci\u00f3n, orientaci\u00f3n y derivaci\u00f3n de situaciones de violencia basada en g\u00e9nero y generaciones en cooperativas de vivienda.<\/li><li>Capacitaciones regulares y a demandas para las cooperativas en todas sus etapas, a cargo del equipo Social y con integrantes del equipo t\u00e9cnico.<\/li><li>Promoci\u00f3n y difusi\u00f3n de una perspectiva de derechos, infancia, vejez, sexuales y reproductivos, vivienda, derecho a la ciudad, a la cultura, entre otros.<\/li><li>Promoci\u00f3n de intercooperativismo entre las cooperativas de base y con otras modalidades cooperativas.\u00a0\u00a0<\/li><\/ul><\/div>\n\t\t\t\t<\/div>\n\t\t\t\t<\/div>\n\t\t\t\t\t\t<\/div>\n\t\t\t\t\t<\/div>\n\t\t<\/div>\n\t\t\t\t\t\t\t\t<\/div>\n\t\t\t\t\t<\/div>\n\t\t<\/section>\n\t\t\t\t\t\t<\/div>\n\t\t\t\t\t\t<\/div>\n\t\t\t\t\t<\/div>\n\t\t","protected":false},"excerpt":{"rendered":"<p>Promoci\u00f3n de nuevos grupos cooperativos. Charlas y talleres para grupos pre-cooperativos. Asesoramiento y acompa\u00f1amiento al grupo cooperativo en su formaci\u00f3n como cooperativa de vivienda por ahorro previo. Asesoramiento social a &#8230;<\/p>\n","protected":false},"author":1,"featured_media":0,"parent":0,"menu_order":3,"comment_status":"closed","ping_status":"closed","template":"","meta":{"footnotes":""},"class_list":["post-731","page","type-page","status-publish","hentry"],"_links":{"self":[{"href":"https:\/\/fecovi.coop\/web\/wp-json\/wp\/v2\/pages\/731","targetHints":{"allow":["GET"]}}],"collection":[{"href":"https:\/\/fecovi.coop\/web\/wp-json\/wp\/v2\/pages"}],"about":[{"href":"https:\/\/fecovi.coop\/web\/wp-json\/wp\/v2\/types\/page"}],"author":[{"embeddable":true,"href":"https:\/\/fecovi.coop\/web\/wp-json\/wp\/v2\/users\/1"}],"replies":[{"embeddable":true,"href":"https:\/\/fecovi.coop\/web\/wp-json\/wp\/v2\/comments?post=731"}],"version-history":[{"count":48,"href":"https:\/\/fecovi.coop\/web\/wp-json\/wp\/v2\/pages\/731\/revisions"}],"predecessor-version":[{"id":19341,"href":"https:\/\/fecovi.coop\/web\/wp-json\/wp\/v2\/pages\/731\/revisions\/19341"}],"wp:attachment":[{"href":"https:\/\/fecovi.coop\/web\/wp-json\/wp\/v2\/media?parent=731"}],"curies":[{"name":"wp","href":"https:\/\/api.w.org\/{rel}","templated":true}]}}