{"id":6112,"date":"2021-04-27T19:58:29","date_gmt":"2021-04-27T19:58:29","guid":{"rendered":"https:\/\/fecovi.coop\/web\/?page_id=6112"},"modified":"2026-04-17T19:16:48","modified_gmt":"2026-04-17T19:16:48","slug":"creditos","status":"publish","type":"page","link":"https:\/\/fecovi.coop\/web\/creditos\/","title":{"rendered":"Cr\u00e9ditos"},"content":{"rendered":"\t\t<div data-elementor-type=\"wp-page\" data-elementor-id=\"6112\" class=\"elementor elementor-6112\" data-elementor-settings=\"[]\">\n\t\t\t\t\t\t<div class=\"elementor-inner\">\n\t\t\t\t\t\t\t<div class=\"elementor-section-wrap\">\n\t\t\t\t\t\t\t<section class=\"elementor-section elementor-top-section elementor-element elementor-element-cb5a00e elementor-section-boxed elementor-section-height-default elementor-section-height-default elementor-invisible\" data-id=\"cb5a00e\" data-element_type=\"section\" data-settings=\"{&quot;background_background&quot;:&quot;classic&quot;,&quot;animation&quot;:&quot;zoomIn&quot;}\">\n\t\t\t\t\t\t<div class=\"elementor-container elementor-column-gap-default\">\n\t\t\t\t\t\t\t<div class=\"elementor-row\">\n\t\t\t\t\t<div class=\"elementor-column elementor-col-50 elementor-top-column elementor-element elementor-element-af863f9\" data-id=\"af863f9\" data-element_type=\"column\">\n\t\t\t<div class=\"elementor-column-wrap elementor-element-populated\">\n\t\t\t\t\t\t\t<div class=\"elementor-widget-wrap\">\n\t\t\t\t\t\t<div class=\"elementor-element elementor-element-49b8908 elementor-widget elementor-widget-image\" data-id=\"49b8908\" data-element_type=\"widget\" data-widget_type=\"image.default\">\n\t\t\t\t<div class=\"elementor-widget-container\">\n\t\t\t\t\t<div class=\"elementor-image\">\n\t\t\t\t\t\t\t\t\t\t\t<a href=\"https:\/\/fecovi.coop\/web\/wp-content\/uploads\/2021\/06\/1.pdf\" target=\"_blank\">\n\t\t\t\t\t\t\t<img loading=\"lazy\" decoding=\"async\" width=\"505\" height=\"727\" src=\"https:\/\/fecovi.coop\/web\/wp-content\/uploads\/2021\/06\/1-1.jpg\" class=\"elementor-animation-shrink attachment-full size-full\" alt=\"\" srcset=\"https:\/\/fecovi.coop\/web\/wp-content\/uploads\/2021\/06\/1-1.jpg 505w, https:\/\/fecovi.coop\/web\/wp-content\/uploads\/2021\/06\/1-1-208x300.jpg 208w\" sizes=\"auto, (max-width: 505px) 100vw, 505px\" \/>\t\t\t\t\t\t\t\t<\/a>\n\t\t\t\t\t\t\t\t\t\t\t<\/div>\n\t\t\t\t<\/div>\n\t\t\t\t<\/div>\n\t\t\t\t\t\t<\/div>\n\t\t\t\t\t<\/div>\n\t\t<\/div>\n\t\t\t\t<div class=\"elementor-column elementor-col-50 elementor-top-column elementor-element elementor-element-ce2b043\" data-id=\"ce2b043\" data-element_type=\"column\">\n\t\t\t<div class=\"elementor-column-wrap elementor-element-populated\">\n\t\t\t\t\t\t\t<div class=\"elementor-widget-wrap\">\n\t\t\t\t\t\t<div class=\"elementor-element elementor-element-e3b339b elementor-widget elementor-widget-text-editor\" data-id=\"e3b339b\" data-element_type=\"widget\" data-widget_type=\"text-editor.default\">\n\t\t\t\t<div class=\"elementor-widget-container\">\n\t\t\t\t\t<div class=\"elementor-text-editor elementor-clearfix\"><h3><span id=\"page1R_mcid0\" class=\"markedContent\"><span dir=\"ltr\" role=\"presentation\">L\u00ednea para Cooperativas de Vivienda con Acta de <\/span><br role=\"presentation\" \/><span dir=\"ltr\" role=\"presentation\">Inicio de Obra Aprobada (FECOVI) <\/span><\/span><span id=\"page1R_mcid1\" class=\"markedContent\"> <\/span><span id=\"page1R_mcid4\" class=\"markedContent\"><\/span><\/h3><ul><li><span id=\"page1R_mcid4\" class=\"markedContent\"><span dir=\"ltr\" role=\"presentation\">Partida global de la l\u00ednea: <\/span><span dir=\"ltr\" role=\"presentation\">UI 2.163.893 <\/span><\/span><\/li><li><span id=\"page1R_mcid8\" class=\"markedContent\"><span dir=\"ltr\" role=\"presentation\">Monto m\u00e1ximo por Cooperativa: <\/span><span dir=\"ltr\" role=\"presentation\">75% de la partida inicial a cobrar por <\/span><br role=\"presentation\" \/><span dir=\"ltr\" role=\"presentation\">anticipo financiero del pr\u00e9stamo de la A.N.V.<\/span><\/span><\/li><li><span id=\"page1R_mcid12\" class=\"markedContent\"><span dir=\"ltr\" role=\"presentation\">Destino del pr\u00e9stamo: <\/span><span dir=\"ltr\" role=\"presentation\">Capital de Giro con destino a gastos de Implantaci\u00f3n <\/span><br role=\"presentation\" \/><span dir=\"ltr\" role=\"presentation\">de Obra, lo que implica limpieza del terreno, cercado del predio, carteler\u00eda, <\/span><br role=\"presentation\" \/><span dir=\"ltr\" role=\"presentation\">replanteo del terreno, o permisos provisorios entre otros destinos.<\/span><\/span><\/li><li><span id=\"page1R_mcid16\" class=\"markedContent\"><span dir=\"ltr\" role=\"presentation\">Beneficiarios: <\/span> <span dir=\"ltr\" role=\"presentation\">Cooperativas de Vivienda por Ayuda Mutua que hayan sido <\/span><br role=\"presentation\" \/><span dir=\"ltr\" role=\"presentation\">sorteadas por la A.N.V. posean las respectivas escrituras del terreno con Acta <\/span><br role=\"presentation\" \/><span dir=\"ltr\" role=\"presentation\">de Inicio de Obra. <\/span><\/span><\/li><li><span id=\"page1R_mcid20\" class=\"markedContent\"><span dir=\"ltr\" role=\"presentation\">Moneda y Plazo: <\/span><span dir=\"ltr\" role=\"presentation\">Exclusivamente en Unidades Indexadas, en plazo fijo no <\/span><br role=\"presentation\" \/><span dir=\"ltr\" role=\"presentation\">mayor a los 90 d\u00edas, a cancelar el 100% en la primera partida por anticipo <\/span><br role=\"presentation\" \/><span dir=\"ltr\" role=\"presentation\">financiero de la A.N.V.<\/span><\/span><\/li><li><span id=\"page1R_mcid24\" class=\"markedContent\"><span dir=\"ltr\" role=\"presentation\">Tasa de Inter\u00e9s: <\/span><span dir=\"ltr\" role=\"presentation\">La tasa de inter\u00e9s que regir\u00e1 la operaci\u00f3n ser\u00e1 de UI + 3,5% <\/span><br role=\"presentation\" \/><span dir=\"ltr\" role=\"presentation\">T.E.A.<\/span><\/span><\/li><\/ul><p style=\"text-align: center;\"><a href=\"https:\/\/fecovi.coop\/web\/wp-content\/uploads\/2021\/06\/1.pdf\" target=\"_blank\" rel=\"noopener\">DESCARGAR PDF<\/a><\/p><\/div>\n\t\t\t\t<\/div>\n\t\t\t\t<\/div>\n\t\t\t\t\t\t<\/div>\n\t\t\t\t\t<\/div>\n\t\t<\/div>\n\t\t\t\t\t\t\t\t<\/div>\n\t\t\t\t\t<\/div>\n\t\t<\/section>\n\t\t\t\t\t\t<\/div>\n\t\t\t\t\t\t<\/div>\n\t\t\t\t\t<\/div>\n\t\t","protected":false},"excerpt":{"rendered":"<p>L\u00ednea para Cooperativas de Vivienda con Acta de Inicio de Obra Aprobada (FECOVI) Partida global de la l\u00ednea: UI 2.163.893 Monto m\u00e1ximo por Cooperativa: 75% de la partida inicial a &#8230;<\/p>\n","protected":false},"author":1,"featured_media":0,"parent":0,"menu_order":0,"comment_status":"closed","ping_status":"closed","template":"","meta":{"footnotes":""},"class_list":["post-6112","page","type-page","status-publish","hentry"],"_links":{"self":[{"href":"https:\/\/fecovi.coop\/web\/wp-json\/wp\/v2\/pages\/6112","targetHints":{"allow":["GET"]}}],"collection":[{"href":"https:\/\/fecovi.coop\/web\/wp-json\/wp\/v2\/pages"}],"about":[{"href":"https:\/\/fecovi.coop\/web\/wp-json\/wp\/v2\/types\/page"}],"author":[{"embeddable":true,"href":"https:\/\/fecovi.coop\/web\/wp-json\/wp\/v2\/users\/1"}],"replies":[{"embeddable":true,"href":"https:\/\/fecovi.coop\/web\/wp-json\/wp\/v2\/comments?post=6112"}],"version-history":[{"count":41,"href":"https:\/\/fecovi.coop\/web\/wp-json\/wp\/v2\/pages\/6112\/revisions"}],"predecessor-version":[{"id":19371,"href":"https:\/\/fecovi.coop\/web\/wp-json\/wp\/v2\/pages\/6112\/revisions\/19371"}],"wp:attachment":[{"href":"https:\/\/fecovi.coop\/web\/wp-json\/wp\/v2\/media?parent=6112"}],"curies":[{"name":"wp","href":"https:\/\/api.w.org\/{rel}","templated":true}]}}