{"id":6109,"date":"2021-04-27T19:58:11","date_gmt":"2021-04-27T19:58:11","guid":{"rendered":"https:\/\/fecovi.coop\/web\/?page_id=6109"},"modified":"2026-04-17T19:17:39","modified_gmt":"2026-04-17T19:17:39","slug":"talleres","status":"publish","type":"page","link":"https:\/\/fecovi.coop\/web\/talleres\/","title":{"rendered":"Talleres"},"content":{"rendered":"\t\t<div data-elementor-type=\"wp-page\" data-elementor-id=\"6109\" class=\"elementor elementor-6109\" data-elementor-settings=\"[]\">\n\t\t\t\t\t\t<div class=\"elementor-inner\">\n\t\t\t\t\t\t\t<div class=\"elementor-section-wrap\">\n\t\t\t\t\t\t\t<section class=\"elementor-section elementor-top-section elementor-element elementor-element-69c7d2b5 elementor-section-stretched elementor-section-boxed elementor-section-height-default elementor-section-height-default elementor-invisible\" data-id=\"69c7d2b5\" data-element_type=\"section\" data-settings=\"{&quot;stretch_section&quot;:&quot;section-stretched&quot;,&quot;background_background&quot;:&quot;classic&quot;,&quot;animation&quot;:&quot;zoomIn&quot;}\">\n\t\t\t\t\t\t<div class=\"elementor-container elementor-column-gap-default\">\n\t\t\t\t\t\t\t<div class=\"elementor-row\">\n\t\t\t\t\t<div class=\"elementor-column elementor-col-50 elementor-top-column elementor-element elementor-element-78e2ec1f\" data-id=\"78e2ec1f\" data-element_type=\"column\" data-settings=\"{&quot;background_background&quot;:&quot;classic&quot;}\">\n\t\t\t<div class=\"elementor-column-wrap elementor-element-populated\">\n\t\t\t\t\t\t\t<div class=\"elementor-widget-wrap\">\n\t\t\t\t\t\t<div class=\"elementor-element elementor-element-4ddc4f5 elementor-widget elementor-widget-heading\" data-id=\"4ddc4f5\" data-element_type=\"widget\" data-widget_type=\"heading.default\">\n\t\t\t\t<div class=\"elementor-widget-container\">\n\t\t\t<h3 class=\"elementor-heading-title elementor-size-default\">TALLER DE SENSIBILIZACI\u00d3N SOBRE SITUACIONES DE VIOLENCIA DE G\u00c9NERO EN EL SISTEMA COOPERATIVO DE VIVIENDA<\/h3>\t\t<\/div>\n\t\t\t\t<\/div>\n\t\t\t\t<div class=\"elementor-element elementor-element-44192ba5 elementor-widget elementor-widget-text-editor\" data-id=\"44192ba5\" data-element_type=\"widget\" data-widget_type=\"text-editor.default\">\n\t\t\t\t<div class=\"elementor-widget-container\">\n\t\t\t\t\t<div class=\"elementor-text-editor elementor-clearfix\"><p>Se pretende contribuir al movimiento cooperativo de ahorro previo en la prevenci\u00f3n y protecci\u00f3n de situaciones de violencia basada en g\u00e9nero que ocurran en cooperativas afiliadas sean en formaci\u00f3n, en obra y\/o habitadas.<\/p><p><strong>Principales Contenidos:<\/strong><\/p><ul><li>La violencia basada en g\u00e9nero como cuesti\u00f3n pol\u00edtica y fen\u00f3meno social<\/li><li>Violencia de g\u00e9nero (definici\u00f3n),<\/li><li>Marco Normativo (Ley 19580),<\/li><li>Tipos de violencia, \u00c1mbitos de manifestaci\u00f3n de la violencia<\/li><li>Aspectos Colectivos: el rol de la cooperativa (Comisi\u00f3n Directiva, CEFIC, Comisi\u00f3n Fiscal)<\/li><\/ul><p style=\"text-align: center;\"><strong>Presentaci\u00f3n del PROTOCOLO FECOVI DE ACTUACI\u00d3N ANTE SITUACIONES DE VIOLENCIA DE G\u00c9NERO<\/strong><\/p><\/div>\n\t\t\t\t<\/div>\n\t\t\t\t<\/div>\n\t\t\t\t\t\t<\/div>\n\t\t\t\t\t<\/div>\n\t\t<\/div>\n\t\t\t\t<div class=\"elementor-column elementor-col-50 elementor-top-column elementor-element elementor-element-3795209\" data-id=\"3795209\" data-element_type=\"column\" data-settings=\"{&quot;background_background&quot;:&quot;classic&quot;}\">\n\t\t\t<div class=\"elementor-column-wrap elementor-element-populated\">\n\t\t\t\t\t\t\t<div class=\"elementor-widget-wrap\">\n\t\t\t\t\t\t<div class=\"elementor-element elementor-element-e6685d1 elementor-widget elementor-widget-heading\" data-id=\"e6685d1\" data-element_type=\"widget\" data-widget_type=\"heading.default\">\n\t\t\t\t<div class=\"elementor-widget-container\">\n\t\t\t<h3 class=\"elementor-heading-title elementor-size-default\">TALLER SOBRE COOPERATIVISMO Y \nCONVIVENCIA\u00a0<\/h3>\t\t<\/div>\n\t\t\t\t<\/div>\n\t\t\t\t<div class=\"elementor-element elementor-element-018d2a9 elementor-widget elementor-widget-text-editor\" data-id=\"018d2a9\" data-element_type=\"widget\" data-widget_type=\"text-editor.default\">\n\t\t\t\t<div class=\"elementor-widget-container\">\n\t\t\t\t\t<div class=\"elementor-text-editor elementor-clearfix\"><p>Se ofrecen distintas modalidades seg\u00fan sea la etapa de la cooperativa que lo solicite, tales como cooperativas en obra pr\u00f3ximas a habitar, recientemente habitadas y de larga data habitadas.<\/p>\n<p><strong>Principales contenidos:<\/strong><\/p>\n<ul>\n<li>Bases del sistema cooperativo (autogesti\u00f3n, r\u00e9gimen de usuarios, propiedad colectiva), principios y valores del sistema cooperativo<\/li>\n<li>Dimensi\u00f3n social de la Propiedad Colectiva. (proyecto social de la cooperativa)<\/li>\n<li>Se trabaja a partir de din\u00e1micas grupales para identificar, reconocer y problematizar situaciones de convivencia, de participaci\u00f3n y de integraci\u00f3n\u00a0 \u00a0<\/li>\n<li>Reglamento de convivencia.<\/li>\n<\/ul><\/div>\n\t\t\t\t<\/div>\n\t\t\t\t<\/div>\n\t\t\t\t\t\t<\/div>\n\t\t\t\t\t<\/div>\n\t\t<\/div>\n\t\t\t\t\t\t\t\t<\/div>\n\t\t\t\t\t<\/div>\n\t\t<\/section>\n\t\t\t\t\t\t<\/div>\n\t\t\t\t\t\t<\/div>\n\t\t\t\t\t<\/div>\n\t\t","protected":false},"excerpt":{"rendered":"<p>TALLER DE SENSIBILIZACI\u00d3N SOBRE SITUACIONES DE VIOLENCIA DE G\u00c9NERO EN EL SISTEMA COOPERATIVO DE VIVIENDA Se pretende contribuir al movimiento cooperativo de ahorro previo en la prevenci\u00f3n y protecci\u00f3n de &#8230;<\/p>\n","protected":false},"author":1,"featured_media":0,"parent":0,"menu_order":0,"comment_status":"closed","ping_status":"closed","template":"","meta":{"footnotes":""},"class_list":["post-6109","page","type-page","status-publish","hentry"],"_links":{"self":[{"href":"https:\/\/fecovi.coop\/web\/wp-json\/wp\/v2\/pages\/6109","targetHints":{"allow":["GET"]}}],"collection":[{"href":"https:\/\/fecovi.coop\/web\/wp-json\/wp\/v2\/pages"}],"about":[{"href":"https:\/\/fecovi.coop\/web\/wp-json\/wp\/v2\/types\/page"}],"author":[{"embeddable":true,"href":"https:\/\/fecovi.coop\/web\/wp-json\/wp\/v2\/users\/1"}],"replies":[{"embeddable":true,"href":"https:\/\/fecovi.coop\/web\/wp-json\/wp\/v2\/comments?post=6109"}],"version-history":[{"count":116,"href":"https:\/\/fecovi.coop\/web\/wp-json\/wp\/v2\/pages\/6109\/revisions"}],"predecessor-version":[{"id":19374,"href":"https:\/\/fecovi.coop\/web\/wp-json\/wp\/v2\/pages\/6109\/revisions\/19374"}],"wp:attachment":[{"href":"https:\/\/fecovi.coop\/web\/wp-json\/wp\/v2\/media?parent=6109"}],"curies":[{"name":"wp","href":"https:\/\/api.w.org\/{rel}","templated":true}]}}