{"id":6107,"date":"2021-04-27T19:57:49","date_gmt":"2021-04-27T19:57:49","guid":{"rendered":"https:\/\/fecovi.coop\/web\/?page_id=6107"},"modified":"2026-04-17T14:50:52","modified_gmt":"2026-04-17T14:50:52","slug":"cursos","status":"publish","type":"page","link":"https:\/\/fecovi.coop\/web\/cursos\/","title":{"rendered":"Cursos"},"content":{"rendered":"\t\t<div data-elementor-type=\"wp-page\" data-elementor-id=\"6107\" class=\"elementor elementor-6107\" data-elementor-settings=\"[]\">\n\t\t\t\t\t\t<div class=\"elementor-inner\">\n\t\t\t\t\t\t\t<div class=\"elementor-section-wrap\">\n\t\t\t\t\t\t\t<section class=\"elementor-section elementor-top-section elementor-element elementor-element-31ca2108 elementor-section-boxed elementor-section-height-default elementor-section-height-default elementor-invisible\" data-id=\"31ca2108\" data-element_type=\"section\" data-settings=\"{&quot;background_background&quot;:&quot;classic&quot;,&quot;animation&quot;:&quot;zoomIn&quot;}\">\n\t\t\t\t\t\t<div class=\"elementor-container elementor-column-gap-default\">\n\t\t\t\t\t\t\t<div class=\"elementor-row\">\n\t\t\t\t\t<div class=\"elementor-column elementor-col-100 elementor-top-column elementor-element elementor-element-28223364\" data-id=\"28223364\" data-element_type=\"column\">\n\t\t\t<div class=\"elementor-column-wrap elementor-element-populated\">\n\t\t\t\t\t\t\t<div class=\"elementor-widget-wrap\">\n\t\t\t\t\t\t<div class=\"elementor-element elementor-element-6c5f0a45 elementor-widget elementor-widget-text-editor\" data-id=\"6c5f0a45\" data-element_type=\"widget\" data-widget_type=\"text-editor.default\">\n\t\t\t\t<div class=\"elementor-widget-container\">\n\t\t\t\t\t<div class=\"elementor-text-editor elementor-clearfix\"><p><strong><span style=\"color: #000000;\">C<span class=\"gmail_default\">URSO NIVELADOR\u00a0<\/span><\/span><\/strong><\/p><div><p>FECOVI pone a disposici\u00f3n de todas las cooperativas socias, una nueva edici\u00f3n del CURSO NIVELADOR destinado a aquellos cooperativistas que desean refrescar los conocimientos fundamentales del funcionamiento de la cooperativa, o aquellos nuevos cooperativistas, que han ingresado cuando la cooperativa ya estaba constituida y no tuvieron esta informaci\u00f3n. La idea es \u00abnivelar\u00bb los conocimientos entre todos los miembros de la cooperativa de modo de asegurar un mejor funcionamiento, participaci\u00f3n y control democr\u00e1tico.\u00a0<\/p><p><b>Se tratan de 2 talleres de 2 horas de duraci\u00f3n cada uno, a cargo de los t\u00e9cnicos del \u00e1rea social y del \u00e1rea contable de la Federaci\u00f3n.<\/b><\/p><p><b>Primer taller:\u00a0<\/b><\/p><\/div><ul><li>Historia del sistema cooperativo uruguayo<\/li><li>Introducci\u00f3n al cooperativismo (definici\u00f3n, valores, principios)<\/li><li>Definici\u00f3n de cooperativismo de vivienda<\/li><li>R\u00e9gimen de usuarios (contrato de uso y goce)<\/li><li>Modalidades<\/li><li>Composici\u00f3n del capital cooperativo.<\/li><li>Introducci\u00f3n al certificado de regularidad<\/li><li>Organismos del Estado que regulan el sistema cooperativo de vivienda<\/li><li>R\u00e9gimen jur\u00eddico (Estatutos, reglamentos)<\/li><li>\u00d3rganos (Asamblea, Consejos Directivos, Comisiones)<\/li><li>Integraci\u00f3n y competencia de cada \u00f3rgano, formalidades, actas, pr\u00e1cticas de buen funcionamiento.<\/li><li>Cargos y roles en los distintos \u00f3rganos<\/li><li>Elecciones, cargos (potestades)<\/li><\/ul><div><hr \/><\/div><div><div class=\"gmail_default\">\u00a0<\/div><p class=\"gmail_default\"><span style=\"color: #000000;\"><strong>CURSO LA COOPERATIVA Y EL IAT<\/strong><\/span><\/p><div class=\"gmail_default\"><ul><li dir=\"ltr\">Cooperativismo. Principios y Valores.\u00a0 Cooperativismo de vivienda. Organizaci\u00f3n de la cooperativa<\/li><li dir=\"ltr\">\u00bfQu\u00e9 es un IAT? Integraci\u00f3n, Historia, Cometidos. Tareas por etapa en forma.\u00a0<\/li><li dir=\"ltr\">Honorarios, porcentaje, distribuci\u00f3n por tareas. Honorarios b\u00e1sicos y adicionales.\u00a0<\/li><li dir=\"ltr\">Aspectos jur\u00eddicos normativos: Leyes y contrato con el IAT Decretos Reglamentarios, Reglamentaci\u00f3n 2015.<\/li><li dir=\"ltr\">Proyecto integral y participativo: la interdisciplina y la participaci\u00f3n.<\/li><li dir=\"ltr\">El proyecto arquitect\u00f3nico, social y econ\u00f3mico.\u00a0<\/li><li dir=\"ltr\">Diferentes formas de gesti\u00f3n en cooperativas de vivienda por ahorro previo: directa, delegada y combinaciones.<\/li><li dir=\"ltr\">Tareas y responsabilidades por actor. Ventajas y dificultades en cada caso.<\/li><li dir=\"ltr\">Responsabilidades legales en cada caso<\/li><li dir=\"ltr\">Presentaci\u00f3n de Investigaci\u00f3n de Facultad de Arquitectura sobre formas de gesti\u00f3n en cooperativas de Ahorro Previo: Principales conclusiones y resultados.\u00a0<\/li><li dir=\"ltr\">Mesa deba IAT con Institutos relacionados al AP:\u00a0<\/li><\/ul><hr \/><\/div><div>\u00a0<\/div><div><p class=\"gmail_default\"><span style=\"color: #000000;\"><b><span style=\"font-size: large;\">GESTI\u00d3N DE OBRA<\/span><\/b>:<\/span><\/p><p><img loading=\"lazy\" decoding=\"async\" class=\"aligncenter wp-image-15505 size-full\" src=\"https:\/\/fecovi.coop\/web\/wp-content\/uploads\/2025\/02\/POST-Curso-Gestion-de-obra-1.jpg\" alt=\"\" width=\"800\" height=\"1000\" srcset=\"https:\/\/fecovi.coop\/web\/wp-content\/uploads\/2025\/02\/POST-Curso-Gestion-de-obra-1.jpg 800w, https:\/\/fecovi.coop\/web\/wp-content\/uploads\/2025\/02\/POST-Curso-Gestion-de-obra-1-240x300.jpg 240w, https:\/\/fecovi.coop\/web\/wp-content\/uploads\/2025\/02\/POST-Curso-Gestion-de-obra-1-768x960.jpg 768w\" sizes=\"auto, (max-width: 800px) 100vw, 800px\" \/><\/p><div class=\"gmail_default\">\u00a0<\/div><ul><li class=\"gmail_default\">Aspectos arquitect\u00f3nicos, reglamentarios, legales y financieros de la obra.<\/li><li class=\"gmail_default\">Preparaci\u00f3n de la cooperativa para la etapa.<\/li><li class=\"gmail_default\">Planificaci\u00f3n.<\/li><li class=\"gmail_default\">Delimitaci\u00f3n de responsabilidades.<\/li><li class=\"gmail_default\">Gesti\u00f3n financiera.<\/li><li class=\"gmail_default\">Relaci\u00f3n con el IAT<\/li><li class=\"gmail_default\">Relaci\u00f3n con la Empresa.<\/li><li class=\"gmail_default\">Relaci\u00f3n con los funcionarios.<\/li><li class=\"gmail_default\">Compras.<\/li><li class=\"gmail_default\">Obra, certificaci\u00f3n, mayores de obra, gesti\u00f3n de recursos, costos, mayores costos.<\/li><\/ul><p style=\"padding-left: 40px;\"><strong>Facilitan:<\/strong> Equipos de las \u00e1reas Social, Contable, Econom\u00eda y Arquitectura.<\/p><\/div><\/div><\/div>\n\t\t\t\t<\/div>\n\t\t\t\t<\/div>\n\t\t\t\t<div class=\"elementor-element elementor-element-1501e0b elementor-widget elementor-widget-button\" data-id=\"1501e0b\" data-element_type=\"widget\" data-widget_type=\"button.default\">\n\t\t\t\t<div class=\"elementor-widget-container\">\n\t\t\t\t\t<div class=\"elementor-button-wrapper\">\n\t\t\t<a href=\"https:\/\/fecovi.coop\/web\/mas-informacion\/\" target=\"_blank\" class=\"elementor-button-link elementor-button elementor-size-sm\" role=\"button\">\n\t\t\t\t\t\t<span class=\"elementor-button-content-wrapper\">\n\t\t\t\t\t\t<span class=\"elementor-button-text\">Mas Informaci\u00f3n<\/span>\n\t\t<\/span>\n\t\t\t\t\t<\/a>\n\t\t<\/div>\n\t\t\t\t<\/div>\n\t\t\t\t<\/div>\n\t\t\t\t\t\t<\/div>\n\t\t\t\t\t<\/div>\n\t\t<\/div>\n\t\t\t\t\t\t\t\t<\/div>\n\t\t\t\t\t<\/div>\n\t\t<\/section>\n\t\t\t\t\t\t<\/div>\n\t\t\t\t\t\t<\/div>\n\t\t\t\t\t<\/div>\n\t\t","protected":false},"excerpt":{"rendered":"<p>CURSO NIVELADOR\u00a0 FECOVI pone a disposici\u00f3n de todas las cooperativas socias, una nueva edici\u00f3n del CURSO NIVELADOR destinado a aquellos cooperativistas que desean refrescar los conocimientos fundamentales del funcionamiento de &#8230;<\/p>\n","protected":false},"author":1,"featured_media":0,"parent":0,"menu_order":0,"comment_status":"closed","ping_status":"closed","template":"","meta":{"footnotes":""},"class_list":["post-6107","page","type-page","status-publish","hentry"],"_links":{"self":[{"href":"https:\/\/fecovi.coop\/web\/wp-json\/wp\/v2\/pages\/6107","targetHints":{"allow":["GET"]}}],"collection":[{"href":"https:\/\/fecovi.coop\/web\/wp-json\/wp\/v2\/pages"}],"about":[{"href":"https:\/\/fecovi.coop\/web\/wp-json\/wp\/v2\/types\/page"}],"author":[{"embeddable":true,"href":"https:\/\/fecovi.coop\/web\/wp-json\/wp\/v2\/users\/1"}],"replies":[{"embeddable":true,"href":"https:\/\/fecovi.coop\/web\/wp-json\/wp\/v2\/comments?post=6107"}],"version-history":[{"count":110,"href":"https:\/\/fecovi.coop\/web\/wp-json\/wp\/v2\/pages\/6107\/revisions"}],"predecessor-version":[{"id":19314,"href":"https:\/\/fecovi.coop\/web\/wp-json\/wp\/v2\/pages\/6107\/revisions\/19314"}],"wp:attachment":[{"href":"https:\/\/fecovi.coop\/web\/wp-json\/wp\/v2\/media?parent=6107"}],"curies":[{"name":"wp","href":"https:\/\/api.w.org\/{rel}","templated":true}]}}