{"id":6048,"date":"2021-04-27T18:16:30","date_gmt":"2021-04-27T18:16:30","guid":{"rendered":"https:\/\/fecovi.coop\/web\/?page_id=6048"},"modified":"2026-04-21T02:02:53","modified_gmt":"2026-04-21T02:02:53","slug":"cooperativas-con-lista-abierta","status":"publish","type":"page","link":"https:\/\/fecovi.coop\/web\/cooperativas-con-lista-abierta\/","title":{"rendered":"Oportunidades en Cooperativas en tr\u00e1mite"},"content":{"rendered":"\t\t<div data-elementor-type=\"wp-page\" data-elementor-id=\"6048\" class=\"elementor elementor-6048\" data-elementor-settings=\"[]\">\n\t\t\t\t\t\t<div class=\"elementor-inner\">\n\t\t\t\t\t\t\t<div class=\"elementor-section-wrap\">\n\t\t\t\t\t\t\t<section class=\"elementor-section elementor-top-section elementor-element elementor-element-297c61f elementor-section-full_width elementor-section-stretched elementor-section-height-default elementor-section-height-default\" data-id=\"297c61f\" data-element_type=\"section\" data-settings=\"{&quot;stretch_section&quot;:&quot;section-stretched&quot;}\">\n\t\t\t\t\t\t<div class=\"elementor-container elementor-column-gap-default\">\n\t\t\t\t\t\t\t<div class=\"elementor-row\">\n\t\t\t\t\t<div class=\"elementor-column elementor-col-100 elementor-top-column elementor-element elementor-element-dc0a388\" data-id=\"dc0a388\" data-element_type=\"column\">\n\t\t\t<div class=\"elementor-column-wrap elementor-element-populated\">\n\t\t\t\t\t\t\t<div class=\"elementor-widget-wrap\">\n\t\t\t\t\t\t<section class=\"elementor-section elementor-inner-section elementor-element elementor-element-886a76f elementor-section-full_width elementor-section-height-default elementor-section-height-default\" data-id=\"886a76f\" data-element_type=\"section\">\n\t\t\t\t\t\t<div class=\"elementor-container elementor-column-gap-default\">\n\t\t\t\t\t\t\t<div class=\"elementor-row\">\n\t\t\t\t\t<div class=\"elementor-column elementor-col-25 elementor-inner-column elementor-element elementor-element-316d54c\" data-id=\"316d54c\" data-element_type=\"column\" data-settings=\"{&quot;background_background&quot;:&quot;classic&quot;}\">\n\t\t\t<div class=\"elementor-column-wrap elementor-element-populated\">\n\t\t\t\t\t\t\t<div class=\"elementor-widget-wrap\">\n\t\t\t\t\t\t<div class=\"elementor-element elementor-element-e6a8c59 elementor-widget elementor-widget-text-editor\" data-id=\"e6a8c59\" data-element_type=\"widget\" data-widget_type=\"text-editor.default\">\n\t\t\t\t<div class=\"elementor-widget-container\">\n\t\t\t\t\t<div class=\"elementor-text-editor elementor-clearfix\"><p style=\"text-align: center;\"><strong>COOPERATIVAS EN PROCESO DE OBRA\u00a0<\/strong><\/p><\/div>\n\t\t\t\t<\/div>\n\t\t\t\t<\/div>\n\t\t\t\t\t\t<\/div>\n\t\t\t\t\t<\/div>\n\t\t<\/div>\n\t\t\t\t<div class=\"elementor-column elementor-col-25 elementor-inner-column elementor-element elementor-element-170ee03\" data-id=\"170ee03\" data-element_type=\"column\">\n\t\t\t<div class=\"elementor-column-wrap elementor-element-populated\">\n\t\t\t\t\t\t\t<div class=\"elementor-widget-wrap\">\n\t\t\t\t\t\t<div class=\"elementor-element elementor-element-fe18818 elementor-widget elementor-widget-text-editor\" data-id=\"fe18818\" data-element_type=\"widget\" data-widget_type=\"text-editor.default\">\n\t\t\t\t<div class=\"elementor-widget-container\">\n\t\t\t\t\t<div class=\"elementor-text-editor elementor-clearfix\"><p style=\"text-align: center;\"><span style=\"color: #800000;\"><strong>COOPERATIVAS CON PR\u00c9STAMO OTORGADO, PR\u00d3XIMA A CONSTRUIR<\/strong><\/span><\/p><\/div>\n\t\t\t\t<\/div>\n\t\t\t\t<\/div>\n\t\t\t\t\t\t<\/div>\n\t\t\t\t\t<\/div>\n\t\t<\/div>\n\t\t\t\t<div class=\"elementor-column elementor-col-25 elementor-inner-column elementor-element elementor-element-846d9e7\" data-id=\"846d9e7\" data-element_type=\"column\">\n\t\t\t<div class=\"elementor-column-wrap elementor-element-populated\">\n\t\t\t\t\t\t\t<div class=\"elementor-widget-wrap\">\n\t\t\t\t\t\t<div class=\"elementor-element elementor-element-2641ab7 elementor-widget elementor-widget-text-editor\" data-id=\"2641ab7\" data-element_type=\"widget\" data-widget_type=\"text-editor.default\">\n\t\t\t\t<div class=\"elementor-widget-container\">\n\t\t\t\t\t<div class=\"elementor-text-editor elementor-clearfix\"><p style=\"text-align: center;\"><strong><span style=\"color: #008000;\">COOPERATIVAS CON TERRENO SIN PR\u00c9STAMO OTORGADO<\/span><\/strong><\/p><\/div>\n\t\t\t\t<\/div>\n\t\t\t\t<\/div>\n\t\t\t\t\t\t<\/div>\n\t\t\t\t\t<\/div>\n\t\t<\/div>\n\t\t\t\t<div class=\"elementor-column elementor-col-25 elementor-inner-column elementor-element elementor-element-0323661\" data-id=\"0323661\" data-element_type=\"column\">\n\t\t\t<div class=\"elementor-column-wrap elementor-element-populated\">\n\t\t\t\t\t\t\t<div class=\"elementor-widget-wrap\">\n\t\t\t\t\t\t<div class=\"elementor-element elementor-element-7b7140e elementor-widget elementor-widget-text-editor\" data-id=\"7b7140e\" data-element_type=\"widget\" data-widget_type=\"text-editor.default\">\n\t\t\t\t<div class=\"elementor-widget-container\">\n\t\t\t\t\t<div class=\"elementor-text-editor elementor-clearfix\"><p style=\"text-align: center;\"><strong><span style=\"color: #003366;\">COOPERATIVAS SIN TERRENO<\/span><\/strong><\/p><\/div>\n\t\t\t\t<\/div>\n\t\t\t\t<\/div>\n\t\t\t\t\t\t<\/div>\n\t\t\t\t\t<\/div>\n\t\t<\/div>\n\t\t\t\t\t\t\t\t<\/div>\n\t\t\t\t\t<\/div>\n\t\t<\/section>\n\t\t\t\t\t\t<\/div>\n\t\t\t\t\t<\/div>\n\t\t<\/div>\n\t\t\t\t\t\t\t\t<\/div>\n\t\t\t\t\t<\/div>\n\t\t<\/section>\n\t\t\t\t<section class=\"elementor-section elementor-top-section elementor-element elementor-element-d8d6ae8 elementor-section-full_width elementor-section-stretched elementor-section-height-default elementor-section-height-default elementor-invisible\" data-id=\"d8d6ae8\" data-element_type=\"section\" data-settings=\"{&quot;background_background&quot;:&quot;classic&quot;,&quot;animation&quot;:&quot;zoomIn&quot;,&quot;stretch_section&quot;:&quot;section-stretched&quot;}\">\n\t\t\t\t\t\t<div class=\"elementor-container elementor-column-gap-default\">\n\t\t\t\t\t\t\t<div class=\"elementor-row\">\n\t\t\t\t\t<div class=\"elementor-column elementor-col-25 elementor-top-column elementor-element elementor-element-8514ea8\" data-id=\"8514ea8\" data-element_type=\"column\" data-settings=\"{&quot;background_background&quot;:&quot;classic&quot;}\">\n\t\t\t<div class=\"elementor-column-wrap elementor-element-populated\">\n\t\t\t\t\t\t\t<div class=\"elementor-widget-wrap\">\n\t\t\t\t\t\t<div class=\"elementor-element elementor-element-812e50f elementor-widget elementor-widget-text-editor\" data-id=\"812e50f\" data-element_type=\"widget\" data-widget_type=\"text-editor.default\">\n\t\t\t\t<div class=\"elementor-widget-container\">\n\t\t\t\t\t<div class=\"elementor-text-editor elementor-clearfix\"><p><strong><span style=\"color: #808080;\">Cooperativa 27 DE MARZO<\/span><\/strong><\/p><div><div><strong>Comienzo de la obra:<\/strong> Mayo de 2025<\/div><div><strong>Finalizaci\u00f3n:<\/strong> 2027<br \/><strong>Terreno:<\/strong> Ubicado en Av. D\u00e1maso Antonio Larra\u00f1anga (ex Centenario) esq. Horacio Areco, a metros del Hip\u00f3dromo.<br \/><strong>Detalles:<\/strong> Edificio de 31 apartamentos de 2 dormitorios y 6 apartamentos de 3 dormitorios.<br \/><strong>Lista de espera abierta:<\/strong> Viviendas de 2 dormitorios<br \/><strong>Tel\u00e9fonos:<\/strong> 091 810 617 y 092 301 747<br \/><br \/><strong>Contacto:<\/strong> <a href=\"mailto:27demarzoaspirantes@gmail.com\">27demarzoaspirantes@gmail.com<\/a><br \/><br \/><\/div><div>\u00a0<\/div><p><strong><a href=\"https:\/\/fecovi.coop\/web\/wp-content\/uploads\/Campana-Socios-2026-requisitos.pdf\" target=\"_blank\" rel=\"noopener\">MAS INFORMACI\u00d3N<\/a>\u00a0<\/strong><\/p><\/div><div>\u00a0<\/div><div><img loading=\"lazy\" decoding=\"async\" class=\"aligncenter wp-image-18145 size-full\" src=\"https:\/\/fecovi.coop\/web\/wp-content\/uploads\/campana-de-socios-marzo-26.jpg\" alt=\"\" width=\"500\" height=\"578\" srcset=\"https:\/\/fecovi.coop\/web\/wp-content\/uploads\/campana-de-socios-marzo-26.jpg 500w, https:\/\/fecovi.coop\/web\/wp-content\/uploads\/campana-de-socios-marzo-26-260x300.jpg 260w\" sizes=\"auto, (max-width: 500px) 100vw, 500px\" \/><\/div><\/div>\n\t\t\t\t<\/div>\n\t\t\t\t<\/div>\n\t\t\t\t<div class=\"elementor-element elementor-element-d0a8f0c elementor-widget-divider--view-line elementor-widget elementor-widget-divider\" data-id=\"d0a8f0c\" data-element_type=\"widget\" data-widget_type=\"divider.default\">\n\t\t\t\t<div class=\"elementor-widget-container\">\n\t\t\t\t\t<div class=\"elementor-divider\">\n\t\t\t<span class=\"elementor-divider-separator\">\n\t\t\t\t\t\t<\/span>\n\t\t<\/div>\n\t\t\t\t<\/div>\n\t\t\t\t<\/div>\n\t\t\t\t\t\t<\/div>\n\t\t\t\t\t<\/div>\n\t\t<\/div>\n\t\t\t\t<div class=\"elementor-column elementor-col-25 elementor-top-column elementor-element elementor-element-63a021a\" data-id=\"63a021a\" data-element_type=\"column\">\n\t\t\t<div class=\"elementor-column-wrap elementor-element-populated\">\n\t\t\t\t\t\t\t<div class=\"elementor-widget-wrap\">\n\t\t\t\t\t\t<div class=\"elementor-element elementor-element-79e7783 elementor-widget elementor-widget-text-editor\" data-id=\"79e7783\" data-element_type=\"widget\" data-widget_type=\"text-editor.default\">\n\t\t\t\t<div class=\"elementor-widget-container\">\n\t\t\t\t\t<div class=\"elementor-text-editor elementor-clearfix\"><div><p><span style=\"color: #808080;\"><b>Cooperativa\u00a0RAYMI\u00a0<\/b><\/span><\/p><\/div><div><div><div><div><div><b>Fecha de fundaci\u00f3n:<\/b>\u00a027 de mayo de 2017<\/div><\/div><\/div><\/div><div><div><b>Terreno:\u00a0<\/b>Fernandez Crespo, entre Galicia y La Paz\u00a0<\/div><div><b>Socios:\u00a0<\/b>19 n\u00facleos<\/div><div><p><b>Lista de espera abierta:\u00a0<\/b>viviendas de 2 y 3 dormitorios\u00a0<\/p><\/div><div><b>Contacto: <\/b><a href=\"mailto:ingresos.raymi@gmail.com\">ingresos.raymi@gmail.com<\/a>\u00a0<\/div><div>\u00a0<\/div><\/div><\/div><div><div><div><a href=\"https:\/\/fecovi.coop\/web\/wp-content\/uploads\/Triptico-nuevos-ingresos-2.026.-Raymi.pdf\" target=\"_blank\" rel=\"noopener\"><b>MAS INFORMACI\u00d3N<\/b><\/a><\/div><\/div><div>\u00a0<\/div><div>\u00a0<img loading=\"lazy\" decoding=\"async\" class=\"aligncenter wp-image-18962 size-full\" src=\"https:\/\/fecovi.coop\/web\/wp-content\/uploads\/Placa-Raymi_Difusion.jpg\" alt=\"\" width=\"400\" height=\"500\" srcset=\"https:\/\/fecovi.coop\/web\/wp-content\/uploads\/Placa-Raymi_Difusion.jpg 400w, https:\/\/fecovi.coop\/web\/wp-content\/uploads\/Placa-Raymi_Difusion-240x300.jpg 240w\" sizes=\"auto, (max-width: 400px) 100vw, 400px\" \/><\/div><\/div><\/div>\n\t\t\t\t<\/div>\n\t\t\t\t<\/div>\n\t\t\t\t<div class=\"elementor-element elementor-element-ffc2c20 elementor-widget-divider--view-line elementor-widget elementor-widget-divider\" data-id=\"ffc2c20\" data-element_type=\"widget\" data-widget_type=\"divider.default\">\n\t\t\t\t<div class=\"elementor-widget-container\">\n\t\t\t\t\t<div class=\"elementor-divider\">\n\t\t\t<span class=\"elementor-divider-separator\">\n\t\t\t\t\t\t<\/span>\n\t\t<\/div>\n\t\t\t\t<\/div>\n\t\t\t\t<\/div>\n\t\t\t\t\t\t<\/div>\n\t\t\t\t\t<\/div>\n\t\t<\/div>\n\t\t\t\t<div class=\"elementor-column elementor-col-25 elementor-top-column elementor-element elementor-element-0c04b9c\" data-id=\"0c04b9c\" data-element_type=\"column\" data-settings=\"{&quot;background_background&quot;:&quot;classic&quot;}\">\n\t\t\t<div class=\"elementor-column-wrap elementor-element-populated\">\n\t\t\t\t\t\t\t<div class=\"elementor-widget-wrap\">\n\t\t\t\t\t\t<div class=\"elementor-element elementor-element-54215ce elementor-widget elementor-widget-text-editor\" data-id=\"54215ce\" data-element_type=\"widget\" data-widget_type=\"text-editor.default\">\n\t\t\t\t<div class=\"elementor-widget-container\">\n\t\t\t\t\t<div class=\"elementor-text-editor elementor-clearfix\"><div><p><span style=\"color: #808080;\"><b>Cooperativa ALTOS DEL CILINDRO<\/b><\/span><b>\u00a0<\/b><\/p><div><div><div><div><b>Fecha de fundaci\u00f3n:<\/b>\u00a0Junio de 2024<\/div><\/div><\/div><\/div><div><div><b>Terreno:\u00a0<\/b>20 de Febrero y Serrato\u00a0<\/div><div><b>Socios:\u00a0<\/b>30 n\u00facleos<\/div><div><p><b>Lista de espera abierta:\u00a0<\/b>viviendas de 2, 3 y 4 dormitorios\u00a0<\/p><\/div><div><b>Contacto:\u00a0<br \/><\/b><a href=\"mailto:covialtosdelcilindro@gmail.com\">covialtosdelcilindro@gmail.com<\/a><\/div><div>\u00a0<\/div><div><a href=\"https:\/\/fecovi.coop\/web\/wp-content\/uploads\/Nuevo-Llamado-para-Ingresos-en-Abril-2026-Cooperativa-Altos-del-Cilindro-2.pdf\" target=\"_blank\" rel=\"noopener\"><b>MAS INFORMACI\u00d3N<\/b><\/a><\/div><\/div><\/div><\/div>\n\t\t\t\t<\/div>\n\t\t\t\t<\/div>\n\t\t\t\t<div class=\"elementor-element elementor-element-874507d elementor-widget-divider--view-line elementor-widget elementor-widget-divider\" data-id=\"874507d\" data-element_type=\"widget\" data-widget_type=\"divider.default\">\n\t\t\t\t<div class=\"elementor-widget-container\">\n\t\t\t\t\t<div class=\"elementor-divider\">\n\t\t\t<span class=\"elementor-divider-separator\">\n\t\t\t\t\t\t<\/span>\n\t\t<\/div>\n\t\t\t\t<\/div>\n\t\t\t\t<\/div>\n\t\t\t\t<div class=\"elementor-element elementor-element-df6e8fd elementor-widget elementor-widget-text-editor\" data-id=\"df6e8fd\" data-element_type=\"widget\" data-widget_type=\"text-editor.default\">\n\t\t\t\t<div class=\"elementor-widget-container\">\n\t\t\t\t\t<div class=\"elementor-text-editor elementor-clearfix\"><p><strong><span style=\"color: #808080;\">Cooperativa ALTOS DEL MERCADO<\/span><\/strong><\/p><div><div><div>\u00a0<\/div><\/div><\/div><div><div><p><strong>Fecha de fundaci\u00f3n:<\/strong> 08\/06\/2023<br \/><strong>Terreno:<\/strong> ex Mercado Modelo <br \/><strong>Lista de espera abierta:<\/strong> viviendas de 2, 3 y 4 dormitorios<\/p><p><strong>Contacto:<\/strong> <br \/><a href=\"mailto:ceficaltosdelmercado@gmail.com\">ceficaltosdelmercado@gmail.com <\/a><\/p><\/div><\/div><div>\u00a0<\/div><p><strong><a href=\"https:\/\/fecovi.coop\/web\/wp-content\/uploads\/Altos-del-Mercado.-Actualizado-a-abril-2026-22.pdf\" target=\"_blank\" rel=\"noopener\">&#8211; Altos del Mercado. Actualizado a abril 2026<\/a><\/strong><\/p><p><strong><a href=\"https:\/\/forms.gle\/PqELCoS9gFXtyy2a8\" target=\"_blank\" rel=\"noopener\">&#8211; Formulario para Postulaciones<\/a><\/strong><\/p><\/div>\n\t\t\t\t<\/div>\n\t\t\t\t<\/div>\n\t\t\t\t<div class=\"elementor-element elementor-element-3f58232 elementor-widget-divider--view-line elementor-widget elementor-widget-divider\" data-id=\"3f58232\" data-element_type=\"widget\" data-widget_type=\"divider.default\">\n\t\t\t\t<div class=\"elementor-widget-container\">\n\t\t\t\t\t<div class=\"elementor-divider\">\n\t\t\t<span class=\"elementor-divider-separator\">\n\t\t\t\t\t\t<\/span>\n\t\t<\/div>\n\t\t\t\t<\/div>\n\t\t\t\t<\/div>\n\t\t\t\t<div class=\"elementor-element elementor-element-9552584 elementor-widget elementor-widget-text-editor\" data-id=\"9552584\" data-element_type=\"widget\" data-widget_type=\"text-editor.default\">\n\t\t\t\t<div class=\"elementor-widget-container\">\n\t\t\t\t\t<div class=\"elementor-text-editor elementor-clearfix\"><p><strong><span style=\"color: #808080;\">Cooperativa LOS GERANIOS<\/span><\/strong><\/p><div><div><strong>Fecha de fundaci\u00f3n:<\/strong>\u00a017 de enero de 2022<\/div><\/div><div><div><p><strong>Terreno:<\/strong>\u00a0ex Mercado Modelo<br \/><strong>Lista de espera abierta:<\/strong>\u00a0viviendas de 2 y 3 dormitorios<br \/><strong>Contacto:<\/strong>\u00a0096 777 486 (s\u00f3lo WhatsApp)<\/p><p><b>Contacto:\u00a0<\/b><br \/><a href=\"mailto:losgeranioscoop@gmail.com\">losgeranioscoop@gmail.com<\/a><\/p><p><strong><a href=\"https:\/\/fecovi.coop\/web\/wp-content\/uploads\/info_nuevos_ingresos_marzo26.pdf\" target=\"_blank\" rel=\"noopener\">MAS INFORMACI\u00d3N<\/a><\/strong><\/p><\/div><\/div><\/div>\n\t\t\t\t<\/div>\n\t\t\t\t<\/div>\n\t\t\t\t<div class=\"elementor-element elementor-element-0f1af7c elementor-widget-divider--view-line elementor-widget elementor-widget-divider\" data-id=\"0f1af7c\" data-element_type=\"widget\" data-widget_type=\"divider.default\">\n\t\t\t\t<div class=\"elementor-widget-container\">\n\t\t\t\t\t<div class=\"elementor-divider\">\n\t\t\t<span class=\"elementor-divider-separator\">\n\t\t\t\t\t\t<\/span>\n\t\t<\/div>\n\t\t\t\t<\/div>\n\t\t\t\t<\/div>\n\t\t\t\t<div class=\"elementor-element elementor-element-742fe7a elementor-widget elementor-widget-text-editor\" data-id=\"742fe7a\" data-element_type=\"widget\" data-widget_type=\"text-editor.default\">\n\t\t\t\t<div class=\"elementor-widget-container\">\n\t\t\t\t\t<div class=\"elementor-text-editor elementor-clearfix\"><p><span style=\"color: #808080;\"><b>Cooperativa SOL ORIENTAL<\/b><\/span><span style=\"color: #808080;\"><br \/><\/span><\/p><div><div><div><div><b>Fecha de fundaci\u00f3n:<\/b>\u00a012\/03\/2019<\/div><\/div><\/div><\/div><div><div><b>Terreno: <\/b>ex Mercado Modelo\u00a0<\/div><div><p><b>Lista de espera abierta: <\/b>viviendas de 2 y 3 dormitorios\u00a0<\/p><\/div><div><b>Contacto:\u00a0<br \/><\/b><a href=\"mailto:nuevosingresossoloriental2018@gmail.com\" target=\"_blank\" rel=\"noopener\">nuevosingresossoloriental2018@gmail.com<\/a>\u00a0<\/div><div>\u00a0<\/div><\/div><\/div>\n\t\t\t\t<\/div>\n\t\t\t\t<\/div>\n\t\t\t\t<div class=\"elementor-element elementor-element-786683c elementor-widget-divider--view-line elementor-widget elementor-widget-divider\" data-id=\"786683c\" data-element_type=\"widget\" data-widget_type=\"divider.default\">\n\t\t\t\t<div class=\"elementor-widget-container\">\n\t\t\t\t\t<div class=\"elementor-divider\">\n\t\t\t<span class=\"elementor-divider-separator\">\n\t\t\t\t\t\t<\/span>\n\t\t<\/div>\n\t\t\t\t<\/div>\n\t\t\t\t<\/div>\n\t\t\t\t<div class=\"elementor-element elementor-element-099bed2 elementor-widget elementor-widget-text-editor\" data-id=\"099bed2\" data-element_type=\"widget\" data-widget_type=\"text-editor.default\">\n\t\t\t\t<div class=\"elementor-widget-container\">\n\t\t\t\t\t<div class=\"elementor-text-editor elementor-clearfix\"><p><span style=\"color: #808080;\"><b>Cooperativa VIENTOS DEL SUR<\/b><\/span><span style=\"color: #808080;\"><br \/><\/span><\/p><div><div><div><strong>Fecha de fundaci\u00f3n:<\/strong>\u00a02018<\/div><\/div><\/div><div><div><div><p><strong>Terreno:<\/strong>\u00a0Avenida Italia y Alejandro Korn, frente a Plaza Italia Shopping\u00a0<br \/><strong>Vacantes:<\/strong>\u00a0viviendas de 2 dormitorios<\/p><p><strong>Contacto:<br \/><\/strong><a href=\"mailto:socios.vientosdelsur@gmail.com\">socios.vientosdelsur@gmail.com<\/a>\u00a0<\/p><\/div><div><strong><a href=\"https:\/\/fecovi.coop\/web\/wp-content\/uploads\/Vacantes-en-Vientos-del-Sur.jpeg\" target=\"_blank\" rel=\"noopener\">MAS INFORMACI\u00d3N<\/a><\/strong><\/div><\/div><\/div><\/div>\n\t\t\t\t<\/div>\n\t\t\t\t<\/div>\n\t\t\t\t<div class=\"elementor-element elementor-element-6c7d134 elementor-widget-divider--view-line elementor-widget elementor-widget-divider\" data-id=\"6c7d134\" data-element_type=\"widget\" data-widget_type=\"divider.default\">\n\t\t\t\t<div class=\"elementor-widget-container\">\n\t\t\t\t\t<div class=\"elementor-divider\">\n\t\t\t<span class=\"elementor-divider-separator\">\n\t\t\t\t\t\t<\/span>\n\t\t<\/div>\n\t\t\t\t<\/div>\n\t\t\t\t<\/div>\n\t\t\t\t\t\t<\/div>\n\t\t\t\t\t<\/div>\n\t\t<\/div>\n\t\t\t\t<div class=\"elementor-column elementor-col-25 elementor-top-column elementor-element elementor-element-906b05e\" data-id=\"906b05e\" data-element_type=\"column\">\n\t\t\t<div class=\"elementor-column-wrap elementor-element-populated\">\n\t\t\t\t\t\t\t<div class=\"elementor-widget-wrap\">\n\t\t\t\t\t\t<div class=\"elementor-element elementor-element-7eab379 elementor-widget elementor-widget-text-editor\" data-id=\"7eab379\" data-element_type=\"widget\" data-widget_type=\"text-editor.default\">\n\t\t\t\t<div class=\"elementor-widget-container\">\n\t\t\t\t\t<div class=\"elementor-text-editor elementor-clearfix\"><div><p><strong><span style=\"color: #808080;\">Cooperativa VILARI\u00d1A\u00a0<\/span><\/strong><\/p><\/div><div><p><strong>Terreno:<\/strong>\u00a0Buscando terreno.<br \/><strong>Socios:<\/strong>\u00a020 n\u00facleos.<br \/><strong>Lista de espera abierta.<br \/><\/strong><br \/><strong>Contacto:<\/strong>\u00a0<a href=\"mailto:ingresos.vilarina@gmail.com\" target=\"_blank\" rel=\"noopener\">ingresos.vilarina@gmail.com<\/a><\/p><\/div><\/div>\n\t\t\t\t<\/div>\n\t\t\t\t<\/div>\n\t\t\t\t<div class=\"elementor-element elementor-element-2fbcdec elementor-widget-divider--view-line elementor-widget elementor-widget-divider\" data-id=\"2fbcdec\" data-element_type=\"widget\" data-widget_type=\"divider.default\">\n\t\t\t\t<div class=\"elementor-widget-container\">\n\t\t\t\t\t<div class=\"elementor-divider\">\n\t\t\t<span class=\"elementor-divider-separator\">\n\t\t\t\t\t\t<\/span>\n\t\t<\/div>\n\t\t\t\t<\/div>\n\t\t\t\t<\/div>\n\t\t\t\t<div class=\"elementor-element elementor-element-e492a27 elementor-widget elementor-widget-text-editor\" data-id=\"e492a27\" data-element_type=\"widget\" data-widget_type=\"text-editor.default\">\n\t\t\t\t<div class=\"elementor-widget-container\">\n\t\t\t\t\t<div class=\"elementor-text-editor elementor-clearfix\"><div><p><strong><span style=\"color: #808080;\">Cooperativa <b>EL JILGUERO\u00a0<\/b> <\/span><\/strong><\/p><\/div><div><div><strong>Fecha de fundaci\u00f3n:\u00a0<\/strong>01\/10\/2024<br \/><strong>Cantidad total de socios:\u00a0<\/strong>25<br \/><span style=\"color: #7a7a7a; font-family: Roboto, sans-serif;\"><b>Lista de espera abierta<br \/><\/b><\/span><br \/><strong>Contacto:\u00a0<\/strong><a href=\"mailto:covieljilguero@gmail.com\">covieljilguero@gmail.com<\/a><\/div><\/div><\/div>\n\t\t\t\t<\/div>\n\t\t\t\t<\/div>\n\t\t\t\t<div class=\"elementor-element elementor-element-b7f95d3 elementor-widget-divider--view-line elementor-widget elementor-widget-divider\" data-id=\"b7f95d3\" data-element_type=\"widget\" data-widget_type=\"divider.default\">\n\t\t\t\t<div class=\"elementor-widget-container\">\n\t\t\t\t\t<div class=\"elementor-divider\">\n\t\t\t<span class=\"elementor-divider-separator\">\n\t\t\t\t\t\t<\/span>\n\t\t<\/div>\n\t\t\t\t<\/div>\n\t\t\t\t<\/div>\n\t\t\t\t<div class=\"elementor-element elementor-element-079c122 elementor-widget elementor-widget-text-editor\" data-id=\"079c122\" data-element_type=\"widget\" data-widget_type=\"text-editor.default\">\n\t\t\t\t<div class=\"elementor-widget-container\">\n\t\t\t\t\t<div class=\"elementor-text-editor elementor-clearfix\"><div><p><span style=\"color: #808080;\"><b>Cooperativa COVIFUNAC<\/b><\/span><\/p><\/div><div><p><strong>Fecha de fundaci\u00f3n:<\/strong> 16\/12\/2023<br \/>Lista de espera abierta para viviendas de 2 y 3 dormitorios <br \/><strong>Socios:<\/strong> 19<\/p><p><strong>Contacto:<\/strong> <a href=\"mailto:covifunacadmisiones@gmail.com\">covifunacadmisiones@gmail.com<\/a><\/p><\/div><\/div>\n\t\t\t\t<\/div>\n\t\t\t\t<\/div>\n\t\t\t\t<div class=\"elementor-element elementor-element-880ee8e elementor-widget-divider--view-line elementor-widget elementor-widget-divider\" data-id=\"880ee8e\" data-element_type=\"widget\" data-widget_type=\"divider.default\">\n\t\t\t\t<div class=\"elementor-widget-container\">\n\t\t\t\t\t<div class=\"elementor-divider\">\n\t\t\t<span class=\"elementor-divider-separator\">\n\t\t\t\t\t\t<\/span>\n\t\t<\/div>\n\t\t\t\t<\/div>\n\t\t\t\t<\/div>\n\t\t\t\t\t\t<\/div>\n\t\t\t\t\t<\/div>\n\t\t<\/div>\n\t\t\t\t\t\t\t\t<\/div>\n\t\t\t\t\t<\/div>\n\t\t<\/section>\n\t\t\t\t\t\t<\/div>\n\t\t\t\t\t\t<\/div>\n\t\t\t\t\t<\/div>\n\t\t","protected":false},"excerpt":{"rendered":"<p>COOPERATIVAS EN PROCESO DE OBRA\u00a0 COOPERATIVAS CON PR\u00c9STAMO OTORGADO, PR\u00d3XIMA A CONSTRUIR COOPERATIVAS CON TERRENO SIN PR\u00c9STAMO OTORGADO COOPERATIVAS SIN TERRENO Cooperativa 27 DE MARZO Comienzo de la obra: Mayo &#8230;<\/p>\n","protected":false},"author":1,"featured_media":0,"parent":0,"menu_order":0,"comment_status":"closed","ping_status":"closed","template":"","meta":{"footnotes":""},"class_list":["post-6048","page","type-page","status-publish","hentry"],"_links":{"self":[{"href":"https:\/\/fecovi.coop\/web\/wp-json\/wp\/v2\/pages\/6048","targetHints":{"allow":["GET"]}}],"collection":[{"href":"https:\/\/fecovi.coop\/web\/wp-json\/wp\/v2\/pages"}],"about":[{"href":"https:\/\/fecovi.coop\/web\/wp-json\/wp\/v2\/types\/page"}],"author":[{"embeddable":true,"href":"https:\/\/fecovi.coop\/web\/wp-json\/wp\/v2\/users\/1"}],"replies":[{"embeddable":true,"href":"https:\/\/fecovi.coop\/web\/wp-json\/wp\/v2\/comments?post=6048"}],"version-history":[{"count":968,"href":"https:\/\/fecovi.coop\/web\/wp-json\/wp\/v2\/pages\/6048\/revisions"}],"predecessor-version":[{"id":19469,"href":"https:\/\/fecovi.coop\/web\/wp-json\/wp\/v2\/pages\/6048\/revisions\/19469"}],"wp:attachment":[{"href":"https:\/\/fecovi.coop\/web\/wp-json\/wp\/v2\/media?parent=6048"}],"curies":[{"name":"wp","href":"https:\/\/api.w.org\/{rel}","templated":true}]}}