{"id":5704,"date":"2021-03-15T20:11:17","date_gmt":"2021-03-15T20:11:17","guid":{"rendered":"https:\/\/fecovi.coop\/web\/?page_id=5704"},"modified":"2026-04-17T19:23:46","modified_gmt":"2026-04-17T19:23:46","slug":"redes","status":"publish","type":"page","link":"https:\/\/fecovi.coop\/web\/redes\/","title":{"rendered":"REDES"},"content":{"rendered":"\t\t<div data-elementor-type=\"wp-page\" data-elementor-id=\"5704\" class=\"elementor elementor-5704\" data-elementor-settings=\"[]\">\n\t\t\t\t\t\t<div class=\"elementor-inner\">\n\t\t\t\t\t\t\t<div class=\"elementor-section-wrap\">\n\t\t\t\t\t\t\t<section class=\"elementor-section elementor-top-section elementor-element elementor-element-1e52e47 elementor-section-full_width elementor-section-height-default elementor-section-height-default\" data-id=\"1e52e47\" data-element_type=\"section\">\n\t\t\t\t\t\t<div class=\"elementor-container elementor-column-gap-default\">\n\t\t\t\t\t\t\t<div class=\"elementor-row\">\n\t\t\t\t\t<div class=\"elementor-column elementor-col-50 elementor-top-column elementor-element elementor-element-5b8ed1d\" data-id=\"5b8ed1d\" data-element_type=\"column\">\n\t\t\t<div class=\"elementor-column-wrap elementor-element-populated\">\n\t\t\t\t\t\t\t<div class=\"elementor-widget-wrap\">\n\t\t\t\t\t\t<div class=\"elementor-element elementor-element-98430a3 elementor-widget elementor-widget-image\" data-id=\"98430a3\" data-element_type=\"widget\" data-widget_type=\"image.default\">\n\t\t\t\t<div class=\"elementor-widget-container\">\n\t\t\t\t\t<div class=\"elementor-image\">\n\t\t\t\t\t\t\t\t\t\t<img loading=\"lazy\" decoding=\"async\" width=\"845\" height=\"563\" src=\"https:\/\/fecovi.coop\/web\/wp-content\/uploads\/2024\/10\/aa.jpg\" class=\"attachment-full size-full\" alt=\"\" srcset=\"https:\/\/fecovi.coop\/web\/wp-content\/uploads\/2024\/10\/aa.jpg 845w, https:\/\/fecovi.coop\/web\/wp-content\/uploads\/2024\/10\/aa-300x200.jpg 300w, https:\/\/fecovi.coop\/web\/wp-content\/uploads\/2024\/10\/aa-768x512.jpg 768w, https:\/\/fecovi.coop\/web\/wp-content\/uploads\/2024\/10\/aa-391x260.jpg 391w\" sizes=\"auto, (max-width: 845px) 100vw, 845px\" \/>\t\t\t\t\t\t\t\t\t\t\t<\/div>\n\t\t\t\t<\/div>\n\t\t\t\t<\/div>\n\t\t\t\t<div class=\"elementor-element elementor-element-661159f elementor-widget elementor-widget-text-editor\" data-id=\"661159f\" data-element_type=\"widget\" data-widget_type=\"text-editor.default\">\n\t\t\t\t<div class=\"elementor-widget-container\">\n\t\t\t\t\t<div class=\"elementor-text-editor elementor-clearfix\"><h3 class=\"nombre\"><a href=\"https:\/\/www.radiomontecarlo.com.uy\/2024\/09\/15\/nacionales\/cuales-son-los-principales-problemas-del-cooperativismo-de-vivienda-en-uruguay\/#\" target=\"_blank\" rel=\"noopener\">\u00bfCu\u00e1les son los principales problemas del cooperativismo de vivienda en Uruguay?<\/a><\/h3><p class=\"copete\">Fecovi organiza un encuentro con los candidatos a la presidencia de la Rep\u00fablica, para esuchar propuestas; hacerlas y transmitir preocupaciones en materia de vivienda<\/p><\/div>\n\t\t\t\t<\/div>\n\t\t\t\t<\/div>\n\t\t\t\t\t\t<\/div>\n\t\t\t\t\t<\/div>\n\t\t<\/div>\n\t\t\t\t<div class=\"elementor-column elementor-col-50 elementor-top-column elementor-element elementor-element-d480bb3\" data-id=\"d480bb3\" data-element_type=\"column\">\n\t\t\t<div class=\"elementor-column-wrap elementor-element-populated\">\n\t\t\t\t\t\t\t<div class=\"elementor-widget-wrap\">\n\t\t\t\t\t\t<div class=\"elementor-element elementor-element-babba15 elementor-widget elementor-widget-html\" data-id=\"babba15\" data-element_type=\"widget\" data-widget_type=\"html.default\">\n\t\t\t\t<div class=\"elementor-widget-container\">\n\t\t\t<blockquote class=\"twitter-tweet\"><p lang=\"es\" dir=\"ltr\"><a href=\"https:\/\/twitter.com\/FecoviUruguay\/status\/1740004403678007748\">@FecoviUruguay<\/a> denuncia la carencia de &quot;fondos frescos&quot; para la vivienda, cuando hay notorio d\u00e9ficit en el pa\u00eds para los sectores m\u00e1s despose\u00eddos. \ud83d\udc47<\/p>&mdash; Servicio a la Poblaci\u00f3n (@seralapoblacion) <a href=\"https:\/\/twitter.com\/FecoviUruguay\/status\/1740004403678007748\">August 3, 2023<\/a><\/blockquote> <script async src=\"https:\/\/platform.twitter.com\/widgets.js\" charset=\"utf-8\"><\/script>\t\t<\/div>\n\t\t\t\t<\/div>\n\t\t\t\t\t\t<\/div>\n\t\t\t\t\t<\/div>\n\t\t<\/div>\n\t\t\t\t\t\t\t\t<\/div>\n\t\t\t\t\t<\/div>\n\t\t<\/section>\n\t\t\t\t<section class=\"elementor-section elementor-top-section elementor-element elementor-element-16e1cca elementor-section-full_width elementor-section-height-default elementor-section-height-default\" data-id=\"16e1cca\" data-element_type=\"section\">\n\t\t\t\t\t\t<div class=\"elementor-container elementor-column-gap-default\">\n\t\t\t\t\t\t\t<div class=\"elementor-row\">\n\t\t\t\t\t<div class=\"elementor-column elementor-col-50 elementor-top-column elementor-element elementor-element-af10c2f\" data-id=\"af10c2f\" data-element_type=\"column\">\n\t\t\t<div class=\"elementor-column-wrap elementor-element-populated\">\n\t\t\t\t\t\t\t<div class=\"elementor-widget-wrap\">\n\t\t\t\t\t\t<div class=\"elementor-element elementor-element-98d316c elementor-widget elementor-widget-html\" data-id=\"98d316c\" data-element_type=\"widget\" data-widget_type=\"html.default\">\n\t\t\t\t<div class=\"elementor-widget-container\">\n\t\t\t<blockquote class=\"twitter-tweet\"><p lang=\"es\" dir=\"ltr\"><a href=\"https:\/\/twitter.com\/TVCIUDADuy\/status\/1737114026658894227?t=sBi0w9EpzhOsVxMVz-P-lA&s=08\">@FecoviUruguay<\/a> denuncia la carencia de &quot;fondos frescos&quot; para la vivienda, cuando hay notorio d\u00e9ficit en el pa\u00eds para los sectores m\u00e1s despose\u00eddos. \ud83d\udc47<\/p>&mdash; Servicio a la Poblaci\u00f3n (@seralapoblacion) <a href=\"https:\/\/twitter.com\/TVCIUDADuy\/status\/1737114026658894227?t=sBi0w9EpzhOsVxMVz-P-lA&s=08\">August 3, 2023<\/a><\/blockquote> <script async src=\"https:\/\/platform.twitter.com\/widgets.js\" charset=\"utf-8\"><\/script>\t\t<\/div>\n\t\t\t\t<\/div>\n\t\t\t\t\t\t<\/div>\n\t\t\t\t\t<\/div>\n\t\t<\/div>\n\t\t\t\t<div class=\"elementor-column elementor-col-50 elementor-top-column elementor-element elementor-element-8bb6111\" data-id=\"8bb6111\" data-element_type=\"column\">\n\t\t\t<div class=\"elementor-column-wrap elementor-element-populated\">\n\t\t\t\t\t\t\t<div class=\"elementor-widget-wrap\">\n\t\t\t\t\t\t<div class=\"elementor-element elementor-element-1955759 elementor-widget elementor-widget-html\" data-id=\"1955759\" data-element_type=\"widget\" data-widget_type=\"html.default\">\n\t\t\t\t<div class=\"elementor-widget-container\">\n\t\t\t<blockquote class=\"twitter-tweet\"><p lang=\"es\" dir=\"ltr\"><a href=\"https:\/\/twitter.com\/MVDNoticias\/status\/1737605184220692742?t=7ncN2lFPRkxHLcde7mUmkw&s=19\">@FecoviUruguay<\/a> denuncia la carencia de &quot;fondos frescos&quot; para la vivienda, cuando hay notorio d\u00e9ficit en el pa\u00eds para los sectores m\u00e1s despose\u00eddos. \ud83d\udc47<\/p>&mdash; Servicio a la Poblaci\u00f3n (@seralapoblacion) <a href=\"https:\/\/twitter.com\/MVDNoticias\/status\/1737605184220692742?t=7ncN2lFPRkxHLcde7mUmkw&s=19\">August 3, 2023<\/a><\/blockquote> <script async src=\"https:\/\/platform.twitter.com\/widgets.js\" charset=\"utf-8\"><\/script>\t\t<\/div>\n\t\t\t\t<\/div>\n\t\t\t\t\t\t<\/div>\n\t\t\t\t\t<\/div>\n\t\t<\/div>\n\t\t\t\t\t\t\t\t<\/div>\n\t\t\t\t\t<\/div>\n\t\t<\/section>\n\t\t\t\t<section class=\"elementor-section elementor-top-section elementor-element elementor-element-2626720 elementor-section-full_width elementor-section-height-default elementor-section-height-default\" data-id=\"2626720\" data-element_type=\"section\">\n\t\t\t\t\t\t<div class=\"elementor-container elementor-column-gap-default\">\n\t\t\t\t\t\t\t<div class=\"elementor-row\">\n\t\t\t\t\t<div class=\"elementor-column elementor-col-50 elementor-top-column elementor-element elementor-element-de97dd7\" data-id=\"de97dd7\" data-element_type=\"column\">\n\t\t\t<div class=\"elementor-column-wrap elementor-element-populated\">\n\t\t\t\t\t\t\t<div class=\"elementor-widget-wrap\">\n\t\t\t\t\t\t<div class=\"elementor-element elementor-element-551eb69 elementor-widget elementor-widget-html\" data-id=\"551eb69\" data-element_type=\"widget\" data-widget_type=\"html.default\">\n\t\t\t\t<div class=\"elementor-widget-container\">\n\t\t\t<blockquote class=\"twitter-tweet\"><p lang=\"es\" dir=\"ltr\"><a href=\"https:\/\/twitter.com\/hashtag\/MVDNoticias?src=hash&amp;ref_src=twsrc%5Etfw\">#MVDNoticias<\/a> <br><br>Fecovi: recortes en pr\u00e9stamos para vivienda y el caso Moreira<br><br>\ud83d\udde3\ufe0fHugo Monta\u00f1o, vicepresidente de Fecovi: &quot;el eje de la pol\u00edtica de vivienda debe ser la trasparencia&quot;.<br><br>\ud83c\udf99\ufe0fM\u00f3vil de <a href=\"https:\/\/twitter.com\/lucaveloz?ref_src=twsrc%5Etfw\">@lucaveloz<\/a>. <a href=\"https:\/\/t.co\/HPj3fo1Lck\">pic.twitter.com\/HPj3fo1Lck<\/a><\/p>&mdash; MVD Noticias (@MVDNoticias) <a href=\"https:\/\/twitter.com\/MVDNoticias\/status\/1654446774629593090?ref_src=twsrc%5Etfw\">May 5, 2023<\/a><\/blockquote> <script async src=\"https:\/\/platform.twitter.com\/widgets.js\" charset=\"utf-8\"><\/script>\t\t<\/div>\n\t\t\t\t<\/div>\n\t\t\t\t\t\t<\/div>\n\t\t\t\t\t<\/div>\n\t\t<\/div>\n\t\t\t\t<div class=\"elementor-column elementor-col-50 elementor-top-column elementor-element elementor-element-2d119ad\" data-id=\"2d119ad\" data-element_type=\"column\">\n\t\t\t<div class=\"elementor-column-wrap elementor-element-populated\">\n\t\t\t\t\t\t\t<div class=\"elementor-widget-wrap\">\n\t\t\t\t\t\t<div class=\"elementor-element elementor-element-35d5ad0 elementor-widget elementor-widget-html\" data-id=\"35d5ad0\" data-element_type=\"widget\" data-widget_type=\"html.default\">\n\t\t\t\t<div class=\"elementor-widget-container\">\n\t\t\t<blockquote class=\"twitter-tweet\"><p lang=\"es\" dir=\"ltr\"><a href=\"https:\/\/twitter.com\/FecoviUruguay?ref_src=twsrc%5Etfw\">@FecoviUruguay<\/a> denuncia la carencia de &quot;fondos frescos&quot; para la vivienda, cuando hay notorio d\u00e9ficit en el pa\u00eds para los sectores m\u00e1s despose\u00eddos. \ud83d\udc47<\/p>&mdash; Servicio a la Poblaci\u00f3n (@seralapoblacion) <a href=\"https:\/\/twitter.com\/seralapoblacion\/status\/1687132368967004161?ref_src=twsrc%5Etfw\">August 3, 2023<\/a><\/blockquote> <script async src=\"https:\/\/platform.twitter.com\/widgets.js\" charset=\"utf-8\"><\/script>\t\t<\/div>\n\t\t\t\t<\/div>\n\t\t\t\t\t\t<\/div>\n\t\t\t\t\t<\/div>\n\t\t<\/div>\n\t\t\t\t\t\t\t\t<\/div>\n\t\t\t\t\t<\/div>\n\t\t<\/section>\n\t\t\t\t<section class=\"elementor-section elementor-top-section elementor-element elementor-element-8d31a7d elementor-section-boxed elementor-section-height-default elementor-section-height-default\" data-id=\"8d31a7d\" data-element_type=\"section\">\n\t\t\t\t\t\t<div class=\"elementor-container elementor-column-gap-default\">\n\t\t\t\t\t\t\t<div class=\"elementor-row\">\n\t\t\t\t\t<div class=\"elementor-column elementor-col-50 elementor-top-column elementor-element elementor-element-9536729\" data-id=\"9536729\" data-element_type=\"column\">\n\t\t\t<div class=\"elementor-column-wrap elementor-element-populated\">\n\t\t\t\t\t\t\t<div class=\"elementor-widget-wrap\">\n\t\t\t\t\t\t<div class=\"elementor-element elementor-element-5bfbaf1 elementor-widget elementor-widget-html\" data-id=\"5bfbaf1\" data-element_type=\"widget\" data-widget_type=\"html.default\">\n\t\t\t\t<div class=\"elementor-widget-container\">\n\t\t\t<blockquote class=\"twitter-tweet\"><p lang=\"es\" dir=\"ltr\"><a href=\"https:\/\/twitter.com\/hashtag\/MVDNoticias?src=hash&amp;ref_src=twsrc%5Etfw\">#MVDNoticias<\/a> <br><br>Ciclo de reflexi\u00f3n e intercambio sobre vivienda social en Uruguay. <br><br>M\u00f3vil de <a href=\"https:\/\/twitter.com\/duarteok?ref_src=twsrc%5Etfw\">@duarteok<\/a>. <a href=\"https:\/\/t.co\/fnfFJH1fpk\">pic.twitter.com\/fnfFJH1fpk<\/a><\/p>&mdash; MVD Noticias (@MVDNoticias) <a href=\"https:\/\/twitter.com\/MVDNoticias\/status\/1577789761623834624?ref_src=twsrc%5Etfw\">October 5, 2022<\/a><\/blockquote> <script async src=\"https:\/\/platform.twitter.com\/widgets.js\" charset=\"utf-8\"><\/script>\t\t<\/div>\n\t\t\t\t<\/div>\n\t\t\t\t\t\t<\/div>\n\t\t\t\t\t<\/div>\n\t\t<\/div>\n\t\t\t\t<div class=\"elementor-column elementor-col-50 elementor-top-column elementor-element elementor-element-5571f32\" data-id=\"5571f32\" data-element_type=\"column\">\n\t\t\t<div class=\"elementor-column-wrap elementor-element-populated\">\n\t\t\t\t\t\t\t<div class=\"elementor-widget-wrap\">\n\t\t\t\t\t\t<div class=\"elementor-element elementor-element-df04e7b elementor-widget elementor-widget-html\" data-id=\"df04e7b\" data-element_type=\"widget\" data-widget_type=\"html.default\">\n\t\t\t\t<div class=\"elementor-widget-container\">\n\t\t\t<blockquote class=\"twitter-tweet\"><p lang=\"es\" dir=\"ltr\"><a href=\"https:\/\/twitter.com\/hashtag\/MVDNoticias?src=hash&amp;ref_src=twsrc%5Etfw\">#MVDNoticias<\/a> <br><br>La Federaci\u00f3n de Cooperativas de Vivienda de Usuarios por Ahorro Previo desarroll\u00f3 un ciclo de reflexi\u00f3n sobre vivienda social en Uruguay. <a href=\"https:\/\/t.co\/nov48YrTtd\">pic.twitter.com\/nov48YrTtd<\/a><\/p>&mdash; MVD Noticias (@MVDNoticias) <a href=\"https:\/\/twitter.com\/MVDNoticias\/status\/1593384186294968320?ref_src=twsrc%5Etfw\">November 17, 2022<\/a><\/blockquote> <script async src=\"https:\/\/platform.twitter.com\/widgets.js\" charset=\"utf-8\"><\/script>\t\t<\/div>\n\t\t\t\t<\/div>\n\t\t\t\t\t\t<\/div>\n\t\t\t\t\t<\/div>\n\t\t<\/div>\n\t\t\t\t\t\t\t\t<\/div>\n\t\t\t\t\t<\/div>\n\t\t<\/section>\n\t\t\t\t<section class=\"elementor-section elementor-top-section elementor-element elementor-element-4972f51 elementor-section-boxed elementor-section-height-default elementor-section-height-default\" data-id=\"4972f51\" data-element_type=\"section\">\n\t\t\t\t\t\t<div class=\"elementor-container elementor-column-gap-default\">\n\t\t\t\t\t\t\t<div class=\"elementor-row\">\n\t\t\t\t\t<div class=\"elementor-column elementor-col-50 elementor-top-column elementor-element elementor-element-9f28161\" data-id=\"9f28161\" data-element_type=\"column\">\n\t\t\t<div class=\"elementor-column-wrap elementor-element-populated\">\n\t\t\t\t\t\t\t<div class=\"elementor-widget-wrap\">\n\t\t\t\t\t\t<div class=\"elementor-element elementor-element-958776a elementor-widget elementor-widget-html\" data-id=\"958776a\" data-element_type=\"widget\" data-widget_type=\"html.default\">\n\t\t\t\t<div class=\"elementor-widget-container\">\n\t\t\t<blockquote class=\"twitter-tweet\"><p lang=\"es\" dir=\"ltr\"><a href=\"https:\/\/twitter.com\/hashtag\/CiudadViva?src=hash&amp;ref_src=twsrc%5Etfw\">#CiudadViva<\/a> por <a href=\"https:\/\/twitter.com\/hashtag\/TVCiudad?src=hash&amp;ref_src=twsrc%5Etfw\">#TVCiudad<\/a><br><br>Luis Llorca, Secretario General de FECOVI, sobre los pasos a seguir para cumplir los reclamos de FECOVI: &quot;Seguimos confiando en la racionalidad del sistema pol\u00edtico&quot; <a href=\"https:\/\/t.co\/qmnesREWwG\">pic.twitter.com\/qmnesREWwG<\/a><\/p>&mdash; Ciudad viva (@tvciudadviva) <a href=\"https:\/\/twitter.com\/tvciudadviva\/status\/1564949891708854277?ref_src=twsrc%5Etfw\">August 31, 2022<\/a><\/blockquote> <script async src=\"https:\/\/platform.twitter.com\/widgets.js\" charset=\"utf-8\"><\/script>\t\t<\/div>\n\t\t\t\t<\/div>\n\t\t\t\t\t\t<\/div>\n\t\t\t\t\t<\/div>\n\t\t<\/div>\n\t\t\t\t<div class=\"elementor-column elementor-col-50 elementor-top-column elementor-element elementor-element-2374cdc\" data-id=\"2374cdc\" data-element_type=\"column\">\n\t\t\t<div class=\"elementor-column-wrap elementor-element-populated\">\n\t\t\t\t\t\t\t<div class=\"elementor-widget-wrap\">\n\t\t\t\t\t\t<div class=\"elementor-element elementor-element-53e8d05 elementor-widget elementor-widget-html\" data-id=\"53e8d05\" data-element_type=\"widget\" data-widget_type=\"html.default\">\n\t\t\t\t<div class=\"elementor-widget-container\">\n\t\t\t<blockquote class=\"twitter-tweet\"><p lang=\"es\" dir=\"ltr\">En minutos comienza ciclo de reflexi\u00f3n sobre vivienda social en sede de FECOVI. Participar\u00e1 el Director Nacional de Vivienda Jorge Ceretta . Ampliamos en edici\u00f3n central de <a href=\"https:\/\/twitter.com\/MVDNoticias?ref_src=twsrc%5Etfw\">@MVDNoticias<\/a> <a href=\"https:\/\/t.co\/vGTNHCu47q\">pic.twitter.com\/vGTNHCu47q<\/a><\/p>&mdash; Martin Duarte (@duarteok) <a href=\"https:\/\/twitter.com\/duarteok\/status\/1577777915521015812?ref_src=twsrc%5Etfw\">October 5, 2022<\/a><\/blockquote> <script async src=\"https:\/\/platform.twitter.com\/widgets.js\" charset=\"utf-8\"><\/script>\t\t<\/div>\n\t\t\t\t<\/div>\n\t\t\t\t\t\t<\/div>\n\t\t\t\t\t<\/div>\n\t\t<\/div>\n\t\t\t\t\t\t\t\t<\/div>\n\t\t\t\t\t<\/div>\n\t\t<\/section>\n\t\t\t\t<section class=\"elementor-section elementor-top-section elementor-element elementor-element-c5951ed elementor-section-boxed elementor-section-height-default elementor-section-height-default\" data-id=\"c5951ed\" data-element_type=\"section\">\n\t\t\t\t\t\t<div class=\"elementor-container elementor-column-gap-default\">\n\t\t\t\t\t\t\t<div class=\"elementor-row\">\n\t\t\t\t\t<div class=\"elementor-column elementor-col-50 elementor-top-column elementor-element elementor-element-040cd2c\" data-id=\"040cd2c\" data-element_type=\"column\">\n\t\t\t<div class=\"elementor-column-wrap elementor-element-populated\">\n\t\t\t\t\t\t\t<div class=\"elementor-widget-wrap\">\n\t\t\t\t\t\t<div class=\"elementor-element elementor-element-c8cc600 elementor-widget elementor-widget-html\" data-id=\"c8cc600\" data-element_type=\"widget\" data-widget_type=\"html.default\">\n\t\t\t\t<div class=\"elementor-widget-container\">\n\t\t\t<blockquote class=\"twitter-tweet\"><p lang=\"es\" dir=\"ltr\"><a href=\"https:\/\/twitter.com\/hashtag\/CiudadViva?src=hash&amp;ref_src=twsrc%5Etfw\">#CiudadViva<\/a> por <a href=\"https:\/\/twitter.com\/hashtag\/TVCiudad?src=hash&amp;ref_src=twsrc%5Etfw\">#TVCiudad<\/a><br><br>Luis Llorca, Secretario General de FECOVI, sobre los reclamos de fecovi para la construcci\u00f3n de viviendas: &quot;Para 2023 y 2024 se nos redujeron a la mitad los recursos&quot; <a href=\"https:\/\/t.co\/0jFYIz7BQa\">pic.twitter.com\/0jFYIz7BQa<\/a><\/p>&mdash; Ciudad viva (@tvciudadviva) <a href=\"https:\/\/twitter.com\/tvciudadviva\/status\/1564947281396355072?ref_src=twsrc%5Etfw\">August 31, 2022<\/a><\/blockquote> <script async src=\"https:\/\/platform.twitter.com\/widgets.js\" charset=\"utf-8\"><\/script>\t\t<\/div>\n\t\t\t\t<\/div>\n\t\t\t\t\t\t<\/div>\n\t\t\t\t\t<\/div>\n\t\t<\/div>\n\t\t\t\t<div class=\"elementor-column elementor-col-50 elementor-top-column elementor-element elementor-element-5a53bb9\" data-id=\"5a53bb9\" data-element_type=\"column\">\n\t\t\t<div class=\"elementor-column-wrap\">\n\t\t\t\t\t\t\t<div class=\"elementor-widget-wrap\">\n\t\t\t\t\t\t\t\t<\/div>\n\t\t\t\t\t<\/div>\n\t\t<\/div>\n\t\t\t\t\t\t\t\t<\/div>\n\t\t\t\t\t<\/div>\n\t\t<\/section>\n\t\t\t\t<section class=\"elementor-section elementor-top-section elementor-element elementor-element-b0c6aa0 elementor-section-boxed elementor-section-height-default elementor-section-height-default\" data-id=\"b0c6aa0\" data-element_type=\"section\">\n\t\t\t\t\t\t<div class=\"elementor-container elementor-column-gap-default\">\n\t\t\t\t\t\t\t<div class=\"elementor-row\">\n\t\t\t\t\t<div class=\"elementor-column elementor-col-100 elementor-top-column elementor-element elementor-element-893d37a\" data-id=\"893d37a\" data-element_type=\"column\">\n\t\t\t<div class=\"elementor-column-wrap elementor-element-populated\">\n\t\t\t\t\t\t\t<div class=\"elementor-widget-wrap\">\n\t\t\t\t\t\t<div class=\"elementor-element elementor-element-ced5a1f elementor-widget elementor-widget-text-editor\" data-id=\"ced5a1f\" data-element_type=\"widget\" data-widget_type=\"text-editor.default\">\n\t\t\t\t<div class=\"elementor-widget-container\">\n\t\t\t\t\t<div class=\"elementor-text-editor elementor-clearfix\"><p>.<\/p><\/div>\n\t\t\t\t<\/div>\n\t\t\t\t<\/div>\n\t\t\t\t\t\t<\/div>\n\t\t\t\t\t<\/div>\n\t\t<\/div>\n\t\t\t\t\t\t\t\t<\/div>\n\t\t\t\t\t<\/div>\n\t\t<\/section>\n\t\t\t\t\t\t<\/div>\n\t\t\t\t\t\t<\/div>\n\t\t\t\t\t<\/div>\n\t\t","protected":false},"excerpt":{"rendered":"<p>\u00bfCu\u00e1les son los principales problemas del cooperativismo de vivienda en Uruguay? Fecovi organiza un encuentro con los candidatos a la presidencia de la Rep\u00fablica, para esuchar propuestas; hacerlas y transmitir &#8230;<\/p>\n","protected":false},"author":1,"featured_media":0,"parent":0,"menu_order":0,"comment_status":"closed","ping_status":"closed","template":"","meta":{"footnotes":""},"class_list":["post-5704","page","type-page","status-publish","hentry"],"_links":{"self":[{"href":"https:\/\/fecovi.coop\/web\/wp-json\/wp\/v2\/pages\/5704","targetHints":{"allow":["GET"]}}],"collection":[{"href":"https:\/\/fecovi.coop\/web\/wp-json\/wp\/v2\/pages"}],"about":[{"href":"https:\/\/fecovi.coop\/web\/wp-json\/wp\/v2\/types\/page"}],"author":[{"embeddable":true,"href":"https:\/\/fecovi.coop\/web\/wp-json\/wp\/v2\/users\/1"}],"replies":[{"embeddable":true,"href":"https:\/\/fecovi.coop\/web\/wp-json\/wp\/v2\/comments?post=5704"}],"version-history":[{"count":137,"href":"https:\/\/fecovi.coop\/web\/wp-json\/wp\/v2\/pages\/5704\/revisions"}],"predecessor-version":[{"id":19407,"href":"https:\/\/fecovi.coop\/web\/wp-json\/wp\/v2\/pages\/5704\/revisions\/19407"}],"wp:attachment":[{"href":"https:\/\/fecovi.coop\/web\/wp-json\/wp\/v2\/media?parent=5704"}],"curies":[{"name":"wp","href":"https:\/\/api.w.org\/{rel}","templated":true}]}}