{"id":5,"date":"2016-01-08T17:23:30","date_gmt":"2016-01-08T17:23:30","guid":{"rendered":"http:\/\/www.fecovi.coop\/site\/?page_id=5"},"modified":"2026-04-27T11:38:41","modified_gmt":"2026-04-27T11:38:41","slug":"quienes-somos","status":"publish","type":"page","link":"https:\/\/fecovi.coop\/web\/quienes-somos\/","title":{"rendered":"Qui\u00e9nes somos"},"content":{"rendered":"\t\t<div data-elementor-type=\"wp-page\" data-elementor-id=\"5\" class=\"elementor elementor-5\" data-elementor-settings=\"[]\">\n\t\t\t\t\t\t<div class=\"elementor-inner\">\n\t\t\t\t\t\t\t<div class=\"elementor-section-wrap\">\n\t\t\t\t\t\t\t<section class=\"elementor-section elementor-top-section elementor-element elementor-element-663a7cd elementor-section-boxed elementor-section-height-default elementor-section-height-default elementor-invisible\" data-id=\"663a7cd\" data-element_type=\"section\" data-settings=\"{&quot;animation&quot;:&quot;fadeInDown&quot;}\">\n\t\t\t\t\t\t<div class=\"elementor-container elementor-column-gap-default\">\n\t\t\t\t\t\t\t<div class=\"elementor-row\">\n\t\t\t\t\t<div class=\"elementor-column elementor-col-100 elementor-top-column elementor-element elementor-element-d1789e7\" data-id=\"d1789e7\" data-element_type=\"column\">\n\t\t\t<div class=\"elementor-column-wrap elementor-element-populated\">\n\t\t\t\t\t\t\t<div class=\"elementor-widget-wrap\">\n\t\t\t\t\t\t<div class=\"elementor-element elementor-element-04875d9 elementor-invisible elementor-widget elementor-widget-heading\" data-id=\"04875d9\" data-element_type=\"widget\" data-settings=\"{&quot;_animation&quot;:&quot;fadeInLeft&quot;}\" data-widget_type=\"heading.default\">\n\t\t\t\t<div class=\"elementor-widget-container\">\n\t\t\t<h3 class=\"elementor-heading-title elementor-size-default\">HISTORIA<\/h3>\t\t<\/div>\n\t\t\t\t<\/div>\n\t\t\t\t\t\t<\/div>\n\t\t\t\t\t<\/div>\n\t\t<\/div>\n\t\t\t\t\t\t\t\t<\/div>\n\t\t\t\t\t<\/div>\n\t\t<\/section>\n\t\t\t\t<section class=\"elementor-section elementor-top-section elementor-element elementor-element-69034a78 elementor-section-boxed elementor-section-height-default elementor-section-height-default elementor-invisible\" data-id=\"69034a78\" data-element_type=\"section\" data-settings=\"{&quot;background_background&quot;:&quot;classic&quot;,&quot;animation&quot;:&quot;zoomIn&quot;}\">\n\t\t\t\t\t\t<div class=\"elementor-container elementor-column-gap-default\">\n\t\t\t\t\t\t\t<div class=\"elementor-row\">\n\t\t\t\t\t<div class=\"elementor-column elementor-col-100 elementor-top-column elementor-element elementor-element-6f01face\" data-id=\"6f01face\" data-element_type=\"column\">\n\t\t\t<div class=\"elementor-column-wrap elementor-element-populated\">\n\t\t\t\t\t\t\t<div class=\"elementor-widget-wrap\">\n\t\t\t\t\t\t<div class=\"elementor-element elementor-element-24d8aa32 elementor-widget elementor-widget-text-editor\" data-id=\"24d8aa32\" data-element_type=\"widget\" data-widget_type=\"text-editor.default\">\n\t\t\t\t<div class=\"elementor-widget-container\">\n\t\t\t\t\t<div class=\"elementor-text-editor elementor-clearfix\"><p>Las primeras cooperativas de vivienda en Uruguay surgieron en 1966 a partir de tres experiencias impulsadas por el <strong><a href=\"https:\/\/ccu.org.uy\/\" target=\"_blank\" rel=\"noopener\">Centro Cooperativista Uruguayo (CCU)<\/a><\/strong> en localidades del interior del pa\u00eds. Dos a\u00f1os m\u00e1s tarde, en 1968, el Parlamento aprob\u00f3 la Ley Nacional de Vivienda<a href=\"https:\/\/www.impo.com.uy\/diariooficial\/1968\/12\/27\/1\" target=\"_blank\" rel=\"noopener\"><strong> (Ley N.\u00ba 13728)<\/strong><\/a>, estableciendo un marco jur\u00eddico para el desarrollo de pol\u00edticas de vivienda social e institucionalizando el sistema cooperativo. Esta normativa defini\u00f3 dos modalidades de gesti\u00f3n \u2014ayuda mutua y ahorro previo\u2014 y dos formas de tenencia \u2014cooperativas de usuarios y de propietarios\u2014, sentando las bases del modelo vigente.<\/p><p>A fines de 1969, las cooperativas de usuarios de ahorro previo crearon la Federaci\u00f3n Nacional de Cooperativas de Vivienda (FENACOVI), con el objetivo de representar gremialmente al sector y promover el sistema como una soluci\u00f3n efectiva al problema habitacional de las y los trabajadores.<\/p><p>El proceso se vio interrumpido en 1973 con la instauraci\u00f3n del r\u00e9gimen militar, que impuso severas restricciones al desarrollo del cooperativismo de vivienda. En 1976, un decreto de la dictadura suprimi\u00f3 de hecho las cooperativas de ahorro previo, lo que provoc\u00f3 la disoluci\u00f3n de la Federaci\u00f3n como organizaci\u00f3n formal. Sin embargo, muchas cooperativas se mantuvieron activas, constituy\u00e9ndose en espacios de organizaci\u00f3n democr\u00e1tica y resistencia.<\/p><p>Una vez restablecida la democracia, FECOVI se reorganiz\u00f3 en 1984, retomando su actividad con una fuerte oposici\u00f3n a los reajustes de cuotas considerados abusivos e ilegales en los sistemas de amortizaci\u00f3n de pr\u00e9stamos.<\/p><p>A partir de entonces, la Federaci\u00f3n atraves\u00f3 un proceso sostenido de crecimiento, impulsado por la promoci\u00f3n de nuevos grupos y la incorporaci\u00f3n de cooperativas ya habitadas, tanto en Montevideo como en el interior. En la actualidad, FECOVI nuclea a aproximadamente 120 cooperativas de usuarios de ahorro previo en distintas etapas \u2014en formaci\u00f3n, en obra y habitadas \u2014, representando a m\u00e1s de 5.000 familias.<\/p><p>FECOVI es una organizaci\u00f3n democr\u00e1tica cuyo \u00f3rgano m\u00e1ximo es la Asamblea, integrada por representantes de todas las cooperativas afiliadas. La conducci\u00f3n ejecutiva est\u00e1 a cargo de un <strong><a href=\"https:\/\/fecovi.coop\/web\/autoridades\/\" target=\"_blank\" rel=\"noopener\">Consejo Directivo<\/a><\/strong> compuesto por nueve miembros, electos cada dos a\u00f1os.<\/p><p>Sus principales objetivos institucionales son:<\/p><p>\u2022 promover y consolidar el sistema de ahorro previo como respuesta al d\u00e9ficit habitacional; <br \/>\u2022 defender los intereses gremiales de las cooperativas afiliadas; <br \/>\u2022 fomentar la creaci\u00f3n de nuevas cooperativas de vivienda; <br \/>\u2022 desarrollar programas de formaci\u00f3n y capacitaci\u00f3n cooperativa; <br \/>\u2022 articular acciones con organizaciones comprometidas con la superaci\u00f3n del d\u00e9ficit habitacional; <br \/>\u2022 fortalecer la coordinaci\u00f3n con otras modalidades cooperativas en la defensa y promoci\u00f3n del movimiento cooperativo.<\/p><\/div>\n\t\t\t\t<\/div>\n\t\t\t\t<\/div>\n\t\t\t\t\t\t<\/div>\n\t\t\t\t\t<\/div>\n\t\t<\/div>\n\t\t\t\t\t\t\t\t<\/div>\n\t\t\t\t\t<\/div>\n\t\t<\/section>\n\t\t\t\t\t\t<\/div>\n\t\t\t\t\t\t<\/div>\n\t\t\t\t\t<\/div>\n\t\t","protected":false},"excerpt":{"rendered":"<p>HISTORIA Las primeras cooperativas de vivienda en Uruguay surgieron en 1966 a partir de tres experiencias impulsadas por el Centro Cooperativista Uruguayo (CCU) en localidades del interior del pa\u00eds. Dos &#8230;<\/p>\n","protected":false},"author":1,"featured_media":0,"parent":0,"menu_order":0,"comment_status":"closed","ping_status":"closed","template":"","meta":{"footnotes":""},"class_list":["post-5","page","type-page","status-publish","hentry"],"_links":{"self":[{"href":"https:\/\/fecovi.coop\/web\/wp-json\/wp\/v2\/pages\/5","targetHints":{"allow":["GET"]}}],"collection":[{"href":"https:\/\/fecovi.coop\/web\/wp-json\/wp\/v2\/pages"}],"about":[{"href":"https:\/\/fecovi.coop\/web\/wp-json\/wp\/v2\/types\/page"}],"author":[{"embeddable":true,"href":"https:\/\/fecovi.coop\/web\/wp-json\/wp\/v2\/users\/1"}],"replies":[{"embeddable":true,"href":"https:\/\/fecovi.coop\/web\/wp-json\/wp\/v2\/comments?post=5"}],"version-history":[{"count":42,"href":"https:\/\/fecovi.coop\/web\/wp-json\/wp\/v2\/pages\/5\/revisions"}],"predecessor-version":[{"id":19576,"href":"https:\/\/fecovi.coop\/web\/wp-json\/wp\/v2\/pages\/5\/revisions\/19576"}],"wp:attachment":[{"href":"https:\/\/fecovi.coop\/web\/wp-json\/wp\/v2\/media?parent=5"}],"curies":[{"name":"wp","href":"https:\/\/api.w.org\/{rel}","templated":true}]}}