{"id":3295,"date":"2019-06-26T21:02:56","date_gmt":"2019-06-26T21:02:56","guid":{"rendered":"https:\/\/fecovi.coop\/web\/?page_id=3295"},"modified":"2026-04-17T18:48:18","modified_gmt":"2026-04-17T18:48:18","slug":"asesoramiento-economico","status":"publish","type":"page","link":"https:\/\/fecovi.coop\/web\/asesoramiento-economico\/","title":{"rendered":"Asesoramiento Econ\u00f3mico"},"content":{"rendered":"\t\t<div data-elementor-type=\"wp-page\" data-elementor-id=\"3295\" class=\"elementor elementor-3295\" data-elementor-settings=\"[]\">\n\t\t\t\t\t\t<div class=\"elementor-inner\">\n\t\t\t\t\t\t\t<div class=\"elementor-section-wrap\">\n\t\t\t\t\t\t\t<section class=\"elementor-section elementor-top-section elementor-element elementor-element-43329702 elementor-section-boxed elementor-section-height-default elementor-section-height-default elementor-invisible\" data-id=\"43329702\" data-element_type=\"section\" data-settings=\"{&quot;animation&quot;:&quot;fadeInDown&quot;}\">\n\t\t\t\t\t\t<div class=\"elementor-container elementor-column-gap-default\">\n\t\t\t\t\t\t\t<div class=\"elementor-row\">\n\t\t\t\t\t<div class=\"elementor-column elementor-col-100 elementor-top-column elementor-element elementor-element-3e63b6b\" data-id=\"3e63b6b\" data-element_type=\"column\">\n\t\t\t<div class=\"elementor-column-wrap elementor-element-populated\">\n\t\t\t\t\t\t\t<div class=\"elementor-widget-wrap\">\n\t\t\t\t\t\t<div class=\"elementor-element elementor-element-521e4735 elementor-widget elementor-widget-text-editor\" data-id=\"521e4735\" data-element_type=\"widget\" data-widget_type=\"text-editor.default\">\n\t\t\t\t<div class=\"elementor-widget-container\">\n\t\t\t\t\t<div class=\"elementor-text-editor elementor-clearfix\"><p>El asesoramiento econ\u00f3mico brindado a trav\u00e9s de la Cooperativa de trabajo COMUNA abarca a las cooperativas socias en todas sus etapas.<\/p><p>Para las cooperativas habitadas se aborda lo que hace a la gesti\u00f3n de los servicios y bienes comunes de la cooperativa, as\u00ed como el apoyo en la gesti\u00f3n de los procesos de amortizaci\u00f3n y de solicitud de subsidios.<\/p><p>Durante las etapas de formaci\u00f3n y obra se busca complementar el asesoramiento t\u00e9cnico que las cooperativas reciben de sus institutos de asistencia t\u00e9cnica en lo que tiene que ver con la comprensi\u00f3n de la l\u00f3gica financiera de los pr\u00e9stamos, la conformaci\u00f3n y organizaci\u00f3n del ahorro previo y la gesti\u00f3n econ\u00f3mico-financiera del proyecto cooperativo en su conjunto.<\/p><\/div>\n\t\t\t\t<\/div>\n\t\t\t\t<\/div>\n\t\t\t\t\t\t<\/div>\n\t\t\t\t\t<\/div>\n\t\t<\/div>\n\t\t\t\t\t\t\t\t<\/div>\n\t\t\t\t\t<\/div>\n\t\t<\/section>\n\t\t\t\t\t\t<\/div>\n\t\t\t\t\t\t<\/div>\n\t\t\t\t\t<\/div>\n\t\t","protected":false},"excerpt":{"rendered":"<p>El asesoramiento econ\u00f3mico brindado a trav\u00e9s de la Cooperativa de trabajo COMUNA abarca a las cooperativas socias en todas sus etapas. Para las cooperativas habitadas se aborda lo que hace &#8230;<\/p>\n","protected":false},"author":1,"featured_media":0,"parent":0,"menu_order":0,"comment_status":"closed","ping_status":"closed","template":"","meta":{"footnotes":""},"class_list":["post-3295","page","type-page","status-publish","hentry"],"_links":{"self":[{"href":"https:\/\/fecovi.coop\/web\/wp-json\/wp\/v2\/pages\/3295","targetHints":{"allow":["GET"]}}],"collection":[{"href":"https:\/\/fecovi.coop\/web\/wp-json\/wp\/v2\/pages"}],"about":[{"href":"https:\/\/fecovi.coop\/web\/wp-json\/wp\/v2\/types\/page"}],"author":[{"embeddable":true,"href":"https:\/\/fecovi.coop\/web\/wp-json\/wp\/v2\/users\/1"}],"replies":[{"embeddable":true,"href":"https:\/\/fecovi.coop\/web\/wp-json\/wp\/v2\/comments?post=3295"}],"version-history":[{"count":21,"href":"https:\/\/fecovi.coop\/web\/wp-json\/wp\/v2\/pages\/3295\/revisions"}],"predecessor-version":[{"id":19338,"href":"https:\/\/fecovi.coop\/web\/wp-json\/wp\/v2\/pages\/3295\/revisions\/19338"}],"wp:attachment":[{"href":"https:\/\/fecovi.coop\/web\/wp-json\/wp\/v2\/media?parent=3295"}],"curies":[{"name":"wp","href":"https:\/\/api.w.org\/{rel}","templated":true}]}}