{"id":25,"date":"2016-01-08T19:07:36","date_gmt":"2016-01-08T19:07:36","guid":{"rendered":"http:\/\/www.fecovi.coop\/site\/?page_id=25"},"modified":"2026-04-17T19:10:39","modified_gmt":"2026-04-17T19:10:39","slug":"autoridades","status":"publish","type":"page","link":"https:\/\/fecovi.coop\/web\/autoridades\/","title":{"rendered":"Autoridades"},"content":{"rendered":"\t\t<div data-elementor-type=\"wp-page\" data-elementor-id=\"25\" class=\"elementor elementor-25\" data-elementor-settings=\"[]\">\n\t\t\t\t\t\t<div class=\"elementor-inner\">\n\t\t\t\t\t\t\t<div class=\"elementor-section-wrap\">\n\t\t\t\t\t\t\t<section class=\"elementor-section elementor-top-section elementor-element elementor-element-a2ba17c elementor-section-boxed elementor-section-height-default elementor-section-height-default elementor-invisible\" data-id=\"a2ba17c\" data-element_type=\"section\" data-settings=\"{&quot;animation&quot;:&quot;fadeInDown&quot;}\">\n\t\t\t\t\t\t<div class=\"elementor-container elementor-column-gap-default\">\n\t\t\t\t\t\t\t<div class=\"elementor-row\">\n\t\t\t\t\t<div class=\"elementor-column elementor-col-100 elementor-top-column elementor-element elementor-element-423f4df\" data-id=\"423f4df\" data-element_type=\"column\">\n\t\t\t<div class=\"elementor-column-wrap elementor-element-populated\">\n\t\t\t\t\t\t\t<div class=\"elementor-widget-wrap\">\n\t\t\t\t\t\t<div class=\"elementor-element elementor-element-be2ec0d elementor-invisible elementor-widget elementor-widget-heading\" data-id=\"be2ec0d\" data-element_type=\"widget\" data-settings=\"{&quot;_animation&quot;:&quot;fadeInLeft&quot;}\" data-widget_type=\"heading.default\">\n\t\t\t\t<div class=\"elementor-widget-container\">\n\t\t\t<h3 class=\"elementor-heading-title elementor-size-default\">CONSEJO DIRECTIVO<\/h3>\t\t<\/div>\n\t\t\t\t<\/div>\n\t\t\t\t\t\t<\/div>\n\t\t\t\t\t<\/div>\n\t\t<\/div>\n\t\t\t\t\t\t\t\t<\/div>\n\t\t\t\t\t<\/div>\n\t\t<\/section>\n\t\t\t\t<section class=\"elementor-section elementor-top-section elementor-element elementor-element-39c30397 elementor-section-boxed elementor-section-height-default elementor-section-height-default elementor-invisible\" data-id=\"39c30397\" data-element_type=\"section\" data-settings=\"{&quot;background_background&quot;:&quot;classic&quot;,&quot;animation&quot;:&quot;zoomIn&quot;}\">\n\t\t\t\t\t\t<div class=\"elementor-container elementor-column-gap-default\">\n\t\t\t\t\t\t\t<div class=\"elementor-row\">\n\t\t\t\t\t<div class=\"elementor-column elementor-col-50 elementor-top-column elementor-element elementor-element-6cd3e735\" data-id=\"6cd3e735\" data-element_type=\"column\">\n\t\t\t<div class=\"elementor-column-wrap elementor-element-populated\">\n\t\t\t\t\t\t\t<div class=\"elementor-widget-wrap\">\n\t\t\t\t\t\t<div class=\"elementor-element elementor-element-79b7ec38 elementor-widget elementor-widget-text-editor\" data-id=\"79b7ec38\" data-element_type=\"widget\" data-widget_type=\"text-editor.default\">\n\t\t\t\t<div class=\"elementor-widget-container\">\n\t\t\t\t\t<div class=\"elementor-text-editor elementor-clearfix\"><p><strong>PRESIDENTA:<\/strong><\/p><p>Dra. Mariana Galv\u00e1n (Cooperativa Verdesur)<\/p><p><strong>VICEPRESIDENTE:<\/strong><br \/>Ernesto Kreimerman (Cooperativa Huras\u00fa)<\/p><p><strong>SECRETARIO GENERAL:<\/strong><br \/>Daniel Logaldo (Cooperativa Ladrillo)<\/p><p><strong>TESORERO:<\/strong><br \/>Ec. Bruno Maddalena (Cooperativa Ra\u00edces Nuevas)<\/p><p><strong>SECRETARIO DE ACTAS:<br \/><\/strong>Mart\u00edn Soler\u00a0 (Cooperativa VICMAN II)<\/p><\/div>\n\t\t\t\t<\/div>\n\t\t\t\t<\/div>\n\t\t\t\t\t\t<\/div>\n\t\t\t\t\t<\/div>\n\t\t<\/div>\n\t\t\t\t<div class=\"elementor-column elementor-col-50 elementor-top-column elementor-element elementor-element-521b0c5\" data-id=\"521b0c5\" data-element_type=\"column\">\n\t\t\t<div class=\"elementor-column-wrap elementor-element-populated\">\n\t\t\t\t\t\t\t<div class=\"elementor-widget-wrap\">\n\t\t\t\t\t\t<div class=\"elementor-element elementor-element-d92fcab elementor-widget elementor-widget-text-editor\" data-id=\"d92fcab\" data-element_type=\"widget\" data-widget_type=\"text-editor.default\">\n\t\t\t\t<div class=\"elementor-widget-container\">\n\t\t\t\t\t<div class=\"elementor-text-editor elementor-clearfix\"><p><strong>VOCALES:<\/strong><\/p><p>Alexandra Techera (Cooperativa Buena Vista)<br \/>Sof\u00eda Mieres (Cooperativa Altos del Mercado)<br \/>Ramiro Laporta (Cooperativa VICMAN I)<br \/>Alicia C\u00e1ceres (Cooperativa Coviappay 2017)<\/p><p><strong>SUPLENTES:<\/strong><\/p><p>Rodolfo Wolf (Cooperativa Olimar)<br \/>Carlos Mario Abell\u00e1 (Cooperativa COVISUR IV)<br \/>Gerardo Fern\u00e1ndez (Cooperativa Congreso de Abril)<\/p><\/div>\n\t\t\t\t<\/div>\n\t\t\t\t<\/div>\n\t\t\t\t\t\t<\/div>\n\t\t\t\t\t<\/div>\n\t\t<\/div>\n\t\t\t\t\t\t\t\t<\/div>\n\t\t\t\t\t<\/div>\n\t\t<\/section>\n\t\t\t\t\t\t<\/div>\n\t\t\t\t\t\t<\/div>\n\t\t\t\t\t<\/div>\n\t\t","protected":false},"excerpt":{"rendered":"<p>CONSEJO DIRECTIVO PRESIDENTA: Dra. Mariana Galv\u00e1n (Cooperativa Verdesur) VICEPRESIDENTE:Ernesto Kreimerman (Cooperativa Huras\u00fa) SECRETARIO GENERAL:Daniel Logaldo (Cooperativa Ladrillo) TESORERO:Ec. Bruno Maddalena (Cooperativa Ra\u00edces Nuevas) SECRETARIO DE ACTAS:Mart\u00edn Soler\u00a0 (Cooperativa VICMAN II) &#8230;<\/p>\n","protected":false},"author":1,"featured_media":0,"parent":0,"menu_order":3,"comment_status":"closed","ping_status":"closed","template":"","meta":{"footnotes":""},"class_list":["post-25","page","type-page","status-publish","hentry"],"_links":{"self":[{"href":"https:\/\/fecovi.coop\/web\/wp-json\/wp\/v2\/pages\/25","targetHints":{"allow":["GET"]}}],"collection":[{"href":"https:\/\/fecovi.coop\/web\/wp-json\/wp\/v2\/pages"}],"about":[{"href":"https:\/\/fecovi.coop\/web\/wp-json\/wp\/v2\/types\/page"}],"author":[{"embeddable":true,"href":"https:\/\/fecovi.coop\/web\/wp-json\/wp\/v2\/users\/1"}],"replies":[{"embeddable":true,"href":"https:\/\/fecovi.coop\/web\/wp-json\/wp\/v2\/comments?post=25"}],"version-history":[{"count":168,"href":"https:\/\/fecovi.coop\/web\/wp-json\/wp\/v2\/pages\/25\/revisions"}],"predecessor-version":[{"id":19362,"href":"https:\/\/fecovi.coop\/web\/wp-json\/wp\/v2\/pages\/25\/revisions\/19362"}],"wp:attachment":[{"href":"https:\/\/fecovi.coop\/web\/wp-json\/wp\/v2\/media?parent=25"}],"curies":[{"name":"wp","href":"https:\/\/api.w.org\/{rel}","templated":true}]}}