{"id":15578,"date":"2025-02-10T13:30:38","date_gmt":"2025-02-10T13:30:38","guid":{"rendered":"https:\/\/fecovi.coop\/web\/?page_id=15578"},"modified":"2025-02-10T13:30:39","modified_gmt":"2025-02-10T13:30:39","slug":"mas-informacion","status":"publish","type":"page","link":"https:\/\/fecovi.coop\/web\/mas-informacion\/","title":{"rendered":"Mas Informaci\u00f3n"},"content":{"rendered":"\n<p>Curso presencial dirigido a miembros de las cooperativas que pr\u00f3ximamente comenzar\u00e1n el proceso de obra, interesados\/as en integrar herramientas conceptuales y pr\u00e1cticas de gesti\u00f3n.<\/p>\n\n\n\n<p><strong>Modalidad: presencial<\/strong><\/p>\n\n\n\n<p>Jornadas: 1<br>Duraci\u00f3n: 3 horas<\/p>\n\n\n\n<p><strong>Contenido tem\u00e1tico:<\/strong><\/p>\n\n\n\n<p>Aspectos arquitect\u00f3nicos, reglamentarios, legales y financieros de la obra; preparaci\u00f3n de la cooperativa para la etapa; planificaci\u00f3n; delimitaci\u00f3n de responsabilidades; gesti\u00f3n financiera; relaci\u00f3n con el IAT; relaci\u00f3n con la empresa; relaci\u00f3n con los funcionarios; compras; obra, certificaci\u00f3n, mayores de obra, gesti\u00f3n de recursos, costos y mayores de costos.<\/p>\n\n\n\n<p><\/p>\n","protected":false},"excerpt":{"rendered":"<p>Curso presencial dirigido a miembros de las cooperativas que pr\u00f3ximamente comenzar\u00e1n el proceso de obra, interesados\/as en integrar herramientas conceptuales y pr\u00e1cticas de gesti\u00f3n. Modalidad: presencial Jornadas: 1Duraci\u00f3n: 3 horas &#8230;<\/p>\n","protected":false},"author":1,"featured_media":0,"parent":0,"menu_order":0,"comment_status":"closed","ping_status":"closed","template":"","meta":{"footnotes":""},"class_list":["post-15578","page","type-page","status-publish","hentry"],"_links":{"self":[{"href":"https:\/\/fecovi.coop\/web\/wp-json\/wp\/v2\/pages\/15578","targetHints":{"allow":["GET"]}}],"collection":[{"href":"https:\/\/fecovi.coop\/web\/wp-json\/wp\/v2\/pages"}],"about":[{"href":"https:\/\/fecovi.coop\/web\/wp-json\/wp\/v2\/types\/page"}],"author":[{"embeddable":true,"href":"https:\/\/fecovi.coop\/web\/wp-json\/wp\/v2\/users\/1"}],"replies":[{"embeddable":true,"href":"https:\/\/fecovi.coop\/web\/wp-json\/wp\/v2\/comments?post=15578"}],"version-history":[{"count":1,"href":"https:\/\/fecovi.coop\/web\/wp-json\/wp\/v2\/pages\/15578\/revisions"}],"predecessor-version":[{"id":15579,"href":"https:\/\/fecovi.coop\/web\/wp-json\/wp\/v2\/pages\/15578\/revisions\/15579"}],"wp:attachment":[{"href":"https:\/\/fecovi.coop\/web\/wp-json\/wp\/v2\/media?parent=15578"}],"curies":[{"name":"wp","href":"https:\/\/api.w.org\/{rel}","templated":true}]}}