{"id":15439,"date":"2025-02-07T13:19:33","date_gmt":"2025-02-07T13:19:33","guid":{"rendered":"https:\/\/fecovi.coop\/web\/?page_id=15439"},"modified":"2025-02-07T13:19:34","modified_gmt":"2025-02-07T13:19:34","slug":"area-proyectos","status":"publish","type":"page","link":"https:\/\/fecovi.coop\/web\/area-proyectos\/","title":{"rendered":"\u00c1rea Proyectos"},"content":{"rendered":"\n<p>El \u00e1rea de Proyectos surge con el objetivo de promover proyectos que busquen expandir el modelo de cooperativas de vivienda por Ahorro Previo en el pa\u00eds y a nivel internacional generando intercambios, convenios y acuerdos de trabajo en conjunto, fortaleciendo a\u00fan m\u00e1s el sistema cooperativo de vivienda.<\/p>\n","protected":false},"excerpt":{"rendered":"<p>El \u00e1rea de Proyectos surge con el objetivo de promover proyectos que busquen expandir el modelo de cooperativas de vivienda por Ahorro Previo en el pa\u00eds y a nivel internacional &#8230;<\/p>\n","protected":false},"author":1,"featured_media":0,"parent":0,"menu_order":0,"comment_status":"closed","ping_status":"closed","template":"","meta":{"footnotes":""},"class_list":["post-15439","page","type-page","status-publish","hentry"],"_links":{"self":[{"href":"https:\/\/fecovi.coop\/web\/wp-json\/wp\/v2\/pages\/15439","targetHints":{"allow":["GET"]}}],"collection":[{"href":"https:\/\/fecovi.coop\/web\/wp-json\/wp\/v2\/pages"}],"about":[{"href":"https:\/\/fecovi.coop\/web\/wp-json\/wp\/v2\/types\/page"}],"author":[{"embeddable":true,"href":"https:\/\/fecovi.coop\/web\/wp-json\/wp\/v2\/users\/1"}],"replies":[{"embeddable":true,"href":"https:\/\/fecovi.coop\/web\/wp-json\/wp\/v2\/comments?post=15439"}],"version-history":[{"count":1,"href":"https:\/\/fecovi.coop\/web\/wp-json\/wp\/v2\/pages\/15439\/revisions"}],"predecessor-version":[{"id":15440,"href":"https:\/\/fecovi.coop\/web\/wp-json\/wp\/v2\/pages\/15439\/revisions\/15440"}],"wp:attachment":[{"href":"https:\/\/fecovi.coop\/web\/wp-json\/wp\/v2\/media?parent=15439"}],"curies":[{"name":"wp","href":"https:\/\/api.w.org\/{rel}","templated":true}]}}