{"id":12401,"date":"2023-11-09T19:06:25","date_gmt":"2023-11-09T19:06:25","guid":{"rendered":"https:\/\/fecovi.coop\/web\/?page_id=12401"},"modified":"2023-11-09T19:19:09","modified_gmt":"2023-11-09T19:19:09","slug":"12401-2","status":"publish","type":"page","link":"https:\/\/fecovi.coop\/web\/12401-2\/","title":{"rendered":"FISIOMOTUS"},"content":{"rendered":"\n<figure class=\"wp-block-image size-full\"><img loading=\"lazy\" decoding=\"async\" width=\"165\" height=\"109\" src=\"https:\/\/fecovi.coop\/web\/wp-content\/uploads\/2023\/11\/fisio.gif\" alt=\"\" class=\"wp-image-12391\"\/><\/figure>\n\n\n\n<p><strong>Somos una cl\u00ednica de fisioterapia, ubicada en el barrio Palermo, Montevideo, comprometida con la prevenci\u00f3n y rehabilitaci\u00f3n de lesiones y disfunciones musculoesquel\u00e9ticas, traumatol\u00f3gicas, ortop\u00e9dicas, uro ginecol\u00f3gicas, deportivas, etc. y creemos que nuestro servicio ser\u00eda una valiosa posibilidad para sus asociados.<\/strong><\/p>\n\n\n\n<p>Nuestra cl\u00ednica es conocida por varios atributos clave que nos distinguen en el campo de la fisioterapia:<\/p>\n\n\n\n<ul class=\"wp-block-list\">\n<li>Cortos tiempos de espera: Nos enorgullecemos de la atenci\u00f3n r\u00e1pida y eficiente que brindamos a los pacientes. Nuestros procesos optimizados garantizan que los pacientes reciban la atenci\u00f3n que necesitan sin tiempos de espera prolongados.<\/li>\n\n\n\n<li>Excelente calidad de profesionales: Nuestro equipo de fisioterapeutas altamente capacitados y experimentados se dedica a brindar el m\u00e1s alto est\u00e1ndar de atenci\u00f3n. Estamos comprometidos a mantenernos al d\u00eda con los \u00faltimos avances y las mejores pr\u00e1cticas.<\/li>\n\n\n\n<li>Atenci\u00f3n personalizado y amena: Fomentamos un entorno c\u00e1lido y acogedor en el que cada paciente recibe atenci\u00f3n con el mayor cuidado y respeto. Nuestro enfoque se centra en asegurarnos de que los pacientes se sientan c\u00f3modos y valorados durante su proceso de rehabilitaci\u00f3n.<\/li>\n\n\n\n<li>Infraestructura: Nuestra cl\u00ednica est\u00e1 equipada con todo lo necesario para brindar atenci\u00f3n eficaz a los pacientes.<\/li>\n<\/ul>\n\n\n\n<p><\/p>\n\n\n\n<p><strong>Nuestro servicio de fisioterapia y rehabilitaci\u00f3n<\/strong> est\u00e1 dedicado a una amplia variedad de disfunciones, abarcando<strong> m\u00faltiples \u00e1reas:<\/strong><\/p>\n\n\n\n<ul class=\"wp-block-list\">\n<li>Rehabilitaci\u00f3n y readaptaci\u00f3n deportiva, en casos de lesiones en las pr\u00e1cticas deportivas tanto profesionales como amateurs (Desgarros, distensiones, esguinces, roturas de ligamentos, etc.)<\/li>\n\n\n\n<li>Rehabilitaci\u00f3n traumato-ortopedica en el caso de cirug\u00edas (pr\u00f3tesis de cadera, de rodilla, operaciones de meniscos, de ligameento cruzado, de tendones, etc)<\/li>\n\n\n\n<li>Reprogramaci\u00f3n motora, Allyane, en el caso de inhibiciones motrices que producen desgastes articulares, sobrecargas musculares inestabilidad articular o producto de accidentes cerebro vasculares.<\/li>\n\n\n\n<li>Rehabilitaci\u00f3n pelviperineal y proctol\u00f3gica en el casos de incontinencia de orina, fecal, prolapsos, di\u00e1stasis, hernias, hemorroides, dolor p\u00e9lvico, etc. <\/li>\n\n\n\n<li>Rehabilitaci\u00f3n de trastornos de la ATM (mand\u00edbula) en casos de dolores de cabeza, cervicales, bruxismo, etc.<\/li>\n\n\n\n<li>Tratamiento complejo para linfedemas<\/li>\n<\/ul>\n\n\n\n<p><br>Contamos con una amplia variedad de agentes f\u00edsicos para ajustarnos a las particularidades de cada persona y que complementan los tratamientos activos realizado con ejercicios terap\u00e9uticos personalizados.<\/p>\n\n\n\n<p><strong>Ellos son:<\/strong><\/p>\n\n\n\n<ul class=\"wp-block-list\">\n<li>MEP (Microelectr\u00f3lisis percut\u00e1nea)<\/li>\n\n\n\n<li>Punci\u00f3n seca<\/li>\n\n\n\n<li>L\u00e1ser<\/li>\n\n\n\n<li>Tens<\/li>\n\n\n\n<li>Electroestimulaci\u00f3n<\/li>\n\n\n\n<li>Magnetoterapia<\/li>\n\n\n\n<li>Ultrasonido<\/li>\n\n\n\n<li>Vendajes<\/li>\n\n\n\n<li>Biofeedback<\/li>\n\n\n\n<li>Neuromodulaci\u00f3n<\/li>\n<\/ul>\n\n\n\n<p><\/p>\n\n\n\n<p>Les ofrecemos a los asociados de FECOVI y familia directa un descuento del 15% en las sesiones individuales y sesiones colectivas y un 20 % en la aplicaci\u00f3n de agentes f\u00edsicos.<\/p>\n\n\n\n<p class=\"has-text-align-center\"><strong>Direcci\u00f3n:<\/strong> Barrios Amorin 964<br><strong>Celular de contacto: <\/strong>091 315 258<br><strong>Responsable: <\/strong>Lic. Maia Mlynarski<\/p>\n\n\n\n<p><\/p>\n","protected":false},"excerpt":{"rendered":"<p>Somos una cl\u00ednica de fisioterapia, ubicada en el barrio Palermo, Montevideo, comprometida con la prevenci\u00f3n y rehabilitaci\u00f3n de lesiones y disfunciones musculoesquel\u00e9ticas, traumatol\u00f3gicas, ortop\u00e9dicas, uro ginecol\u00f3gicas, deportivas, etc. y creemos &#8230;<\/p>\n","protected":false},"author":1,"featured_media":0,"parent":0,"menu_order":0,"comment_status":"closed","ping_status":"closed","template":"","meta":{"footnotes":""},"class_list":["post-12401","page","type-page","status-publish","hentry"],"_links":{"self":[{"href":"https:\/\/fecovi.coop\/web\/wp-json\/wp\/v2\/pages\/12401","targetHints":{"allow":["GET"]}}],"collection":[{"href":"https:\/\/fecovi.coop\/web\/wp-json\/wp\/v2\/pages"}],"about":[{"href":"https:\/\/fecovi.coop\/web\/wp-json\/wp\/v2\/types\/page"}],"author":[{"embeddable":true,"href":"https:\/\/fecovi.coop\/web\/wp-json\/wp\/v2\/users\/1"}],"replies":[{"embeddable":true,"href":"https:\/\/fecovi.coop\/web\/wp-json\/wp\/v2\/comments?post=12401"}],"version-history":[{"count":7,"href":"https:\/\/fecovi.coop\/web\/wp-json\/wp\/v2\/pages\/12401\/revisions"}],"predecessor-version":[{"id":12415,"href":"https:\/\/fecovi.coop\/web\/wp-json\/wp\/v2\/pages\/12401\/revisions\/12415"}],"wp:attachment":[{"href":"https:\/\/fecovi.coop\/web\/wp-json\/wp\/v2\/media?parent=12401"}],"curies":[{"name":"wp","href":"https:\/\/api.w.org\/{rel}","templated":true}]}}