{"id":1119,"date":"2017-03-16T16:18:55","date_gmt":"2017-03-16T16:18:55","guid":{"rendered":"http:\/\/www.fecovi.coop\/web\/?page_id=1119"},"modified":"2026-04-17T18:49:32","modified_gmt":"2026-04-17T18:49:32","slug":"asesoramiento-arquitectonico","status":"publish","type":"page","link":"https:\/\/fecovi.coop\/web\/asesoramiento-arquitectonico\/","title":{"rendered":"Asesoramiento Arquitect\u00f3nico"},"content":{"rendered":"\t\t<div data-elementor-type=\"wp-page\" data-elementor-id=\"1119\" class=\"elementor elementor-1119\" data-elementor-settings=\"[]\">\n\t\t\t\t\t\t<div class=\"elementor-inner\">\n\t\t\t\t\t\t\t<div class=\"elementor-section-wrap\">\n\t\t\t\t\t\t\t<section class=\"elementor-section elementor-top-section elementor-element elementor-element-39444a2a elementor-section-boxed elementor-section-height-default elementor-section-height-default elementor-invisible\" data-id=\"39444a2a\" data-element_type=\"section\" data-settings=\"{&quot;background_background&quot;:&quot;classic&quot;,&quot;animation&quot;:&quot;zoomIn&quot;}\">\n\t\t\t\t\t\t<div class=\"elementor-container elementor-column-gap-default\">\n\t\t\t\t\t\t\t<div class=\"elementor-row\">\n\t\t\t\t\t<div class=\"elementor-column elementor-col-100 elementor-top-column elementor-element elementor-element-4b520fdb\" data-id=\"4b520fdb\" data-element_type=\"column\">\n\t\t\t<div class=\"elementor-column-wrap elementor-element-populated\">\n\t\t\t\t\t\t\t<div class=\"elementor-widget-wrap\">\n\t\t\t\t\t\t<div class=\"elementor-element elementor-element-55aff954 elementor-widget elementor-widget-text-editor\" data-id=\"55aff954\" data-element_type=\"widget\" data-widget_type=\"text-editor.default\">\n\t\t\t\t<div class=\"elementor-widget-container\">\n\t\t\t\t\t<div class=\"elementor-text-editor elementor-clearfix\"><p>El servicio de asesor\u00eda t\u00e9cnico-arquitect\u00f3nico que se otorga a las Cooperativas afiliadas abarca tanto a cooperativas habitadas como en formaci\u00f3n o construcci\u00f3n. A las primeras se asesora sobre obras complementarias, reparaciones de mantenimiento o mejora, presupuestos y costos (en estos costos se realiza un informe con an\u00e1lisis y\/o recomendaciones de acuerdo a la solicitud, no incluyendo dise\u00f1o de proyectos ni tareas de seguimiento de obras).<\/p><p>A las cooperativas en formaci\u00f3n y construcci\u00f3n se brinda asesoramiento y consejo ante consultas concretas sobre proyecto cooperativo, normativa, gesti\u00f3n de obra, as\u00ed como tambi\u00e9n recomendaciones ante diversas situaciones o inconvenientes que puedan generarse en la obra. En este caso el asesoramiento busca complementar la asistencia t\u00e9cnica de los institutos con quien se trabaja coordinadamente.<\/p><p>El servicio de asesoramiento arquitect\u00f3nico funciona los <strong>lunes de 18.00 a 20.00 horas<\/strong> en la Sede de FECOVI.<\/p><p>Las visitas al lugar de las obras deber\u00e1n acordarse previamente.<\/p><p><strong>Por coordinaci\u00f3n de entrevista<\/strong>: <a href=\"mailto:arquitectura@fecovi.coop\">arquitectura@fecovi.coop<\/a><\/p><\/div>\n\t\t\t\t<\/div>\n\t\t\t\t<\/div>\n\t\t\t\t\t\t<\/div>\n\t\t\t\t\t<\/div>\n\t\t<\/div>\n\t\t\t\t\t\t\t\t<\/div>\n\t\t\t\t\t<\/div>\n\t\t<\/section>\n\t\t\t\t\t\t<\/div>\n\t\t\t\t\t\t<\/div>\n\t\t\t\t\t<\/div>\n\t\t","protected":false},"excerpt":{"rendered":"<p>El servicio de asesor\u00eda t\u00e9cnico-arquitect\u00f3nico que se otorga a las Cooperativas afiliadas abarca tanto a cooperativas habitadas como en formaci\u00f3n o construcci\u00f3n. A las primeras se asesora sobre obras complementarias, &#8230;<\/p>\n","protected":false},"author":1,"featured_media":0,"parent":0,"menu_order":2,"comment_status":"closed","ping_status":"closed","template":"","meta":{"footnotes":""},"class_list":["post-1119","page","type-page","status-publish","hentry"],"_links":{"self":[{"href":"https:\/\/fecovi.coop\/web\/wp-json\/wp\/v2\/pages\/1119","targetHints":{"allow":["GET"]}}],"collection":[{"href":"https:\/\/fecovi.coop\/web\/wp-json\/wp\/v2\/pages"}],"about":[{"href":"https:\/\/fecovi.coop\/web\/wp-json\/wp\/v2\/types\/page"}],"author":[{"embeddable":true,"href":"https:\/\/fecovi.coop\/web\/wp-json\/wp\/v2\/users\/1"}],"replies":[{"embeddable":true,"href":"https:\/\/fecovi.coop\/web\/wp-json\/wp\/v2\/comments?post=1119"}],"version-history":[{"count":17,"href":"https:\/\/fecovi.coop\/web\/wp-json\/wp\/v2\/pages\/1119\/revisions"}],"predecessor-version":[{"id":19344,"href":"https:\/\/fecovi.coop\/web\/wp-json\/wp\/v2\/pages\/1119\/revisions\/19344"}],"wp:attachment":[{"href":"https:\/\/fecovi.coop\/web\/wp-json\/wp\/v2\/media?parent=1119"}],"curies":[{"name":"wp","href":"https:\/\/api.w.org\/{rel}","templated":true}]}}